{"id":53220,"date":"2026-04-01T15:11:39","date_gmt":"2026-04-01T13:11:39","guid":{"rendered":"https:\/\/ilusadjuuksed.ee\/?post_type=product&#038;p=53220"},"modified":"2026-04-08T09:42:42","modified_gmt":"2026-04-08T07:42:42","slug":"ritual-daily-shine","status":"publish","type":"product","link":"https:\/\/ilusadjuuksed.ee\/ru\/product\/ritual-daily-shine\/","title":{"rendered":"\u0420\u0438\u0442\u0443\u0430\u043b Daily Shine"},"content":{"rendered":"<p><strong>\u0420\u0438\u0442\u0443\u0430\u043b Daily Shine \u0432\u043a\u043b\u044e\u0447\u0430\u0435\u0442:<\/strong><\/p>\n<p><a href=\"https:\/\/ilusadjuuksed.ee\/ru\/product\/biacre-shine-shampoo\/\"><strong data-start=\"755\" data-end=\"788\">\u2022 \u0428\u0430\u043c\u043f\u0443\u043d\u044c BIACR\u00c8 \u0434\u043b\u044f \u043f\u0440\u0438\u0434\u0430\u043d\u0438\u044f \u0431\u043b\u0435\u0441\u043a\u0430 250 \u043c\u043b<\/strong><\/a><br data-start=\"788\" data-end=\"791\" \/>\u042d\u0444\u0444\u0435\u043a\u0442\u0438\u0432\u043d\u043e\u0435, \u043d\u043e \u0441\u0431\u0430\u043b\u0430\u043d\u0441\u0438\u0440\u043e\u0432\u0430\u043d\u043d\u043e\u0435 \u043e\u0447\u0438\u0449\u0435\u043d\u0438\u0435, \u043a\u043e\u0442\u043e\u0440\u043e\u0435 \u0443\u0434\u0430\u043b\u044f\u0435\u0442 \u0437\u0430\u0433\u0440\u044f\u0437\u043d\u0435\u043d\u0438\u044f \u0438 \u0438\u0437\u043b\u0438\u0448\u043a\u0438 \u043a\u043e\u0436\u043d\u043e\u0433\u043e \u0436\u0438\u0440\u0430, \u043e\u0441\u0442\u0430\u0432\u043b\u044f\u044f \u0432\u043e\u043b\u043e\u0441\u044b \u0441\u0432\u0435\u0436\u0438\u043c\u0438 \u0438 \u043b\u0435\u0433\u043a\u0438\u043c\u0438. \u041f\u043e\u043c\u043e\u0433\u0430\u0435\u0442 \u0440\u0430\u0437\u0433\u043b\u0430\u0434\u0438\u0442\u044c \u043f\u043e\u0432\u0435\u0440\u0445\u043d\u043e\u0441\u0442\u044c \u0432\u043e\u043b\u043e\u0441, \u043f\u043e\u0434\u0434\u0435\u0440\u0436\u0438\u0432\u0430\u0435\u0442 \u0435\u0441\u0442\u0435\u0441\u0442\u0432\u0435\u043d\u043d\u044b\u0439 \u0431\u043b\u0435\u0441\u043a \u0438 \u043c\u044f\u0433\u043a\u043e\u0441\u0442\u044c \u043f\u0440\u0438 \u0435\u0436\u0435\u0434\u043d\u0435\u0432\u043d\u043e\u043c \u0438\u0441\u043f\u043e\u043b\u044c\u0437\u043e\u0432\u0430\u043d\u0438\u0438.<\/p>\n<p><a href=\"https:\/\/ilusadjuuksed.ee\/ru\/product\/biacre-shine-mask\/\"><strong data-start=\"994\" data-end=\"1032\">\u2022 \u0423\u0432\u043b\u0430\u0436\u043d\u044f\u044e\u0449\u0430\u044f \u043c\u0430\u0441\u043a\u0430 \u0434\u043b\u044f \u0432\u043e\u043b\u043e\u0441 BIACR\u00c8 Shine 200 \u043c\u043b<\/strong><\/a><br data-start=\"1032\" data-end=\"1035\" \/>\u042d\u0442\u0430\u043f \u0433\u043b\u0443\u0431\u043e\u043a\u043e\u0433\u043e \u0443\u0445\u043e\u0434\u0430, \u043a\u043e\u0442\u043e\u0440\u044b\u0439 \u0443\u0432\u043b\u0430\u0436\u043d\u044f\u0435\u0442 \u0438 \u043f\u0438\u0442\u0430\u0435\u0442 \u0432\u043e\u043b\u043e\u0441\u044b, \u043f\u043e\u0432\u044b\u0448\u0430\u044f \u0438\u0445 \u044d\u043b\u0430\u0441\u0442\u0438\u0447\u043d\u043e\u0441\u0442\u044c \u0438 \u0443\u043c\u0435\u043d\u044c\u0448\u0430\u044f \u043f\u0443\u0448\u0438\u0441\u0442\u043e\u0441\u0442\u044c. \u0414\u0435\u043b\u0430\u0435\u0442 \u0432\u043e\u043b\u043e\u0441\u044b \u0431\u043e\u043b\u0435\u0435 \u043c\u044f\u0433\u043a\u0438\u043c\u0438, \u0433\u043b\u0430\u0434\u043a\u0438\u043c\u0438 \u0438 \u043f\u043e\u0441\u043b\u0443\u0448\u043d\u044b\u043c\u0438 \u043f\u0440\u0438 \u0440\u0430\u0441\u0447\u0435\u0441\u044b\u0432\u0430\u043d\u0438\u0438.<\/p>\n<p><a href=\"https:\/\/ilusadjuuksed.ee\/ru\/product\/biacre-laikeseerum\/\"><strong data-start=\"1205\" data-end=\"1243\">\u2022 \u0421\u044b\u0432\u043e\u0440\u043e\u0442\u043a\u0430 \u0434\u043b\u044f \u0431\u043b\u0435\u0441\u043a\u0430 BIACR\u00c8 Shine Cristal<\/strong><\/a><br data-start=\"1243\" data-end=\"1246\" \/>\u0417\u0430\u0432\u0435\u0440\u0448\u0430\u044e\u0449\u0430\u044f \u0441\u044b\u0432\u043e\u0440\u043e\u0442\u043a\u0430, \u043a\u043e\u0442\u043e\u0440\u0430\u044f \u043c\u0433\u043d\u043e\u0432\u0435\u043d\u043d\u043e \u043f\u0440\u0438\u0434\u0430\u0435\u0442 \u0441\u0438\u044f\u043d\u0438\u0435 \u0438 \u0448\u0435\u043b\u043a\u043e\u0432\u0438\u0441\u0442\u0443\u044e \u0433\u043b\u0430\u0434\u043a\u043e\u0441\u0442\u044c. \u0417\u0430\u0449\u0438\u0449\u0430\u0435\u0442 \u043a\u043e\u043d\u0447\u0438\u043a\u0438 \u0432\u043e\u043b\u043e\u0441, \u043f\u0440\u0435\u0434\u043e\u0442\u0432\u0440\u0430\u0449\u0430\u0435\u0442 \u0441\u043f\u0443\u0442\u044b\u0432\u0430\u043d\u0438\u0435 \u0438 \u043e\u0431\u0435\u0441\u043f\u0435\u0447\u0438\u0432\u0430\u0435\u0442 \u0443\u0445\u043e\u0436\u0435\u043d\u043d\u044b\u0439, \u0431\u043b\u0435\u0441\u0442\u044f\u0449\u0438\u0439 \u0440\u0435\u0437\u0443\u043b\u044c\u0442\u0430\u0442 \u0431\u0435\u0437 \u044d\u0444\u0444\u0435\u043a\u0442\u0430 \u0443\u0442\u044f\u0436\u0435\u043b\u0435\u043d\u0438\u044f.<\/p>\n<p>&nbsp;<\/p>\n<p data-section-id=\"xn3ymc\" data-start=\"1421\" data-end=\"1436\"><strong>\u0420\u0415\u0417\u0423\u041b\u042c\u0422\u0410\u0422\u042b<\/strong><\/p>\n<p data-start=\"1437\" data-end=\"1628\">\u2022 \u041c\u0433\u043d\u043e\u0432\u0435\u043d\u043d\u044b\u0439 \u0438 \u0437\u0430\u043c\u0435\u0442\u043d\u044b\u0439 \u0431\u043b\u0435\u0441\u043a<br data-start=\"1461\" data-end=\"1464\" \/>\u2022 \u0411\u043e\u043b\u0435\u0435 \u043c\u044f\u0433\u043a\u0438\u0435 \u0438 \u0433\u043b\u0430\u0434\u043a\u0438\u0435 \u0432\u043e\u043b\u043e\u0441\u044b<br data-start=\"1495\" data-end=\"1498\" \/>\u2022 \u041c\u0435\u043d\u044c\u0448\u0435 \u043f\u0443\u0448\u0438\u0441\u0442\u043e\u0441\u0442\u0438 \u0438 \u0441\u043f\u0443\u0442\u044b\u0432\u0430\u043d\u0438\u044f<br data-start=\"1525\" data-end=\"1528\" \/>\u2022 \u041b\u0435\u0433\u043a\u043e\u0435 \u0440\u0430\u0441\u0447\u0435\u0441\u044b\u0432\u0430\u043d\u0438\u0435 \u0438 \u043f\u043e\u0441\u043b\u0443\u0448\u043d\u043e\u0441\u0442\u044c<br data-start=\"1581\" data-end=\"1584\" \/>\u2022 \u041b\u0435\u0433\u043a\u0438\u0439, \u0435\u0441\u0442\u0435\u0441\u0442\u0432\u0435\u043d\u043d\u044b\u0439 \u0438 \u0443\u0445\u043e\u0436\u0435\u043d\u043d\u044b\u0439 \u0440\u0435\u0437\u0443\u043b\u044c\u0442\u0430\u0442<\/p>\n<p data-start=\"1635\" data-end=\"1896\" data-is-last-node=\"\" data-is-only-node=\"\">\u042d\u0442\u043e\u0442 \u0440\u0438\u0442\u0443\u0430\u043b \u2014 \u0438\u0434\u0435\u0430\u043b\u044c\u043d\u044b\u0439 \u0432\u044b\u0431\u043e\u0440, \u0435\u0441\u043b\u0438 \u0432\u043e\u043b\u043e\u0441\u044b \u043a\u0430\u0436\u0443\u0442\u0441\u044f \u0442\u0443\u0441\u043a\u043b\u044b\u043c\u0438, \u0441\u0443\u0445\u0438\u043c\u0438 \u0438\u043b\u0438 \u0431\u0435\u0437\u0436\u0438\u0437\u043d\u0435\u043d\u043d\u044b\u043c\u0438. \u0420\u0435\u0433\u0443\u043b\u044f\u0440\u043d\u043e\u0435 \u0438\u0441\u043f\u043e\u043b\u044c\u0437\u043e\u0432\u0430\u043d\u0438\u0435 \u043f\u043e\u043c\u043e\u0433\u0430\u0435\u0442 \u0432\u043e\u0441\u0441\u0442\u0430\u043d\u043e\u0432\u0438\u0442\u044c \u0435\u0441\u0442\u0435\u0441\u0442\u0432\u0435\u043d\u043d\u0443\u044e \u043a\u0440\u0430\u0441\u043e\u0442\u0443 \u0432\u043e\u043b\u043e\u0441 \u0438 \u0434\u0435\u043b\u0430\u0435\u0442 \u0435\u0436\u0435\u0434\u043d\u0435\u0432\u043d\u044b\u0439 \u0443\u0445\u043e\u0434 \u043f\u0440\u043e\u0441\u0442\u044b\u043c, \u0431\u044b\u0441\u0442\u0440\u044b\u043c \u0438 \u0432\u0438\u0437\u0443\u0430\u043b\u044c\u043d\u043e \u0440\u043e\u0441\u043a\u043e\u0448\u043d\u044b\u043c.<\/p>\n","protected":false},"excerpt":{"rendered":"<p data-start=\"104\" data-end=\"405\">\u0420\u0438\u0442\u0443\u0430\u043b <em>Daily Shine<\/em> &#8211; \u044d\u0442\u043e \u043a\u043e\u043c\u043f\u043b\u0435\u043a\u0441\u043d\u044b\u0439 \u0443\u0445\u043e\u0434, \u0441\u043e\u0437\u0434\u0430\u043d\u043d\u044b\u0439 \u0434\u043b\u044f \u0432\u043e\u0441\u0441\u0442\u0430\u043d\u043e\u0432\u043b\u0435\u043d\u0438\u044f \u0435\u0441\u0442\u0435\u0441\u0442\u0432\u0435\u043d\u043d\u043e\u0433\u043e \u0441\u0438\u044f\u043d\u0438\u044f, \u043c\u044f\u0433\u043a\u043e\u0441\u0442\u0438 \u0438 \u044d\u043b\u0430\u0441\u0442\u0438\u0447\u043d\u043e\u0441\u0442\u0438 \u0432\u043e\u043b\u043e\u0441 \u0431\u0435\u0437 \u0438\u0445 \u0443\u0442\u044f\u0436\u0435\u043b\u0435\u043d\u0438\u044f. \u042d\u0442\u043e\u0442 \u0442\u0440\u0435\u0445\u044d\u0442\u0430\u043f\u043d\u044b\u0439 \u0440\u0438\u0442\u0443\u0430\u043b \u043e\u0447\u0438\u0449\u0430\u0435\u0442, \u043f\u0438\u0442\u0430\u0435\u0442 \u0438 \u0437\u0430\u0432\u0435\u0440\u0448\u0430\u0435\u0442 \u043e\u0431\u0440\u0430\u0437, \u043f\u043e\u043c\u043e\u0433\u0430\u044f \u0443\u043c\u0435\u043d\u044c\u0448\u0438\u0442\u044c \u043f\u0443\u0448\u0438\u0441\u0442\u043e\u0441\u0442\u044c \u0438 \u043f\u043e\u0434\u0447\u0435\u0440\u043a\u043d\u0443\u0442\u044c \u0435\u0441\u0442\u0435\u0441\u0442\u0432\u0435\u043d\u043d\u044b\u0439 \u0431\u043b\u0435\u0441\u043a \u0437\u0434\u043e\u0440\u043e\u0432\u044b\u0445 \u0432\u043e\u043b\u043e\u0441. \u0412 \u043e\u0441\u043d\u043e\u0432\u0435 \u0440\u0438\u0442\u0443\u0430\u043b\u0430 \u0443\u0432\u043b\u0430\u0436\u043d\u044f\u044e\u0449\u0438\u0435 \u0438 \u043f\u0440\u0438\u0434\u0430\u044e\u0449\u0438\u0435 \u0441\u0438\u044f\u043d\u0438\u0435 \u043d\u0430\u0442\u0443\u0440\u0430\u043b\u044c\u043d\u044b\u0435 \u0430\u043a\u0442\u0438\u0432\u043d\u044b\u0435 \u043a\u043e\u043c\u043f\u043e\u043d\u0435\u043d\u0442\u044b: \u043b\u044c\u043d\u044f\u043d\u043e\u0435 \u043c\u0430\u0441\u043b\u043e, \u0430\u043b\u043e\u044d \u0438 \u0440\u0430\u0441\u0442\u0438\u0442\u0435\u043b\u044c\u043d\u044b\u0435 \u044d\u043a\u0441\u0442\u0440\u0430\u043a\u0442\u044b, \u043a\u043e\u0442\u043e\u0440\u044b\u0435 \u043f\u043e\u043c\u043e\u0433\u0430\u044e\u0442 \u0432\u043e\u0441\u0441\u0442\u0430\u043d\u043e\u0432\u0438\u0442\u044c \u0431\u0430\u043b\u0430\u043d\u0441 \u0432\u043b\u0430\u0433\u0438 \u0438 \u0443\u043b\u0443\u0447\u0448\u0438\u0442\u044c \u0432\u043d\u0435\u0448\u043d\u0438\u0439 \u0432\u0438\u0434 \u0432\u043e\u043b\u043e\u0441. \u0420\u0435\u0437\u0443\u043b\u044c\u0442\u0430\u0442: \u0432\u043e\u043b\u043e\u0441\u044b \u0432\u044b\u0433\u043b\u044f\u0434\u044f\u0442 \u0431\u043e\u043b\u0435\u0435 \u0437\u0434\u043e\u0440\u043e\u0432\u044b\u043c\u0438, \u0431\u043b\u0435\u0441\u0442\u044f\u0449\u0438\u043c\u0438 \u0438 \u043f\u043e\u0441\u043b\u0443\u0448\u043d\u044b\u043c\u0438.<\/p>\n","protected":false},"featured_media":53219,"comment_status":"open","ping_status":"closed","template":"","meta":[],"product_brand":[],"product_cat":[494,544,629,949,942,953],"product_tag":[360,163],"class_list":{"0":"post-53220","1":"product","2":"type-product","3":"status-publish","4":"has-post-thumbnail","6":"product_cat-biacre-ru","7":"product_cat-biacre-shine-ru","8":"product_cat-komplektid-ru","9":"product_cat-normalnye-volosy","10":"product_cat-suhie-volosy","11":"product_cat-tonkie-volosy","12":"product_tag-blesk","13":"product_tag-uvlazhnyayushhij","15":"first","16":"instock","17":"sale","18":"taxable","19":"shipping-taxable","20":"purchasable","21":"product-type-woosb"},"bundled_by":[],"bundle_stock_status":"instock","bundle_stock_quantity":null,"bundle_virtual":false,"bundle_layout":"","bundle_add_to_cart_form_location":"","bundle_editable_in_cart":false,"bundle_sold_individually_context":"","bundle_item_grouping":"","bundle_min_size":"","bundle_max_size":"","bundle_price":[],"bundled_items":[],"bundle_sell_ids":[],"yoast_head":"<!-- This site is optimized with the Yoast SEO Premium plugin v27.3 (Yoast SEO v27.3) - https:\/\/yoast.com\/product\/yoast-seo-premium-wordpress\/ -->\n<title>\u0420\u0438\u0442\u0443\u0430\u043b Daily Shine &#8226; Ilusadjuuksed.ee<\/title>\n<meta name=\"description\" content=\"L&#039;ALGA \u0438\u043d\u043d\u043e\u0432\u0430\u0446\u0438\u043e\u043d\u043d\u044b\u0435 \u0441\u0440\u0435\u0434\u0441\u0442\u0432\u0430 \u043f\u043e \u0443\u0445\u043e\u0434\u0443 \u0437\u0430 \u043f\u043e\u0432\u0440\u0435\u0436\u0434\u0435\u043d\u043d\u044b\u043c\u0438, \u043e\u0431\u0440\u0430\u0431\u043e\u0442\u0430\u043d\u043d\u044b\u043c\u0438 \u0438 \u0441\u0443\u0445\u0438\u043c\u0438 \u0432\u043e\u043b\u043e\u0441\u0430\u043c\u0438. \u0411\u0435\u0440\u0435\u0433\u0438\u0442\u0435 \u0438 \u0437\u0430\u0449\u0438\u0449\u0430\u0439\u0442\u0435 \u0432\u043e\u043b\u043e\u0441\u044b \u043a\u0430\u0436\u0434\u044b\u0439 \u0434\u0435\u043d\u044c!\" \/>\n<meta name=\"robots\" content=\"index, follow, max-snippet:-1, max-image-preview:large, max-video-preview:-1\" \/>\n<link rel=\"canonical\" href=\"https:\/\/ilusadjuuksed.ee\/ru\/product\/ritual-daily-shine\/\" \/>\n<meta property=\"og:locale\" content=\"ru_RU\" \/>\n<meta property=\"og:type\" content=\"article\" \/>\n<meta property=\"og:title\" content=\"\u0420\u0438\u0442\u0443\u0430\u043b Daily Shine\" \/>\n<meta property=\"og:description\" content=\"Ilusadjuuksed.ee - tippklassi juuksehooldus \u00fchest kohast. L&#039;ALGA, BIACR\u00c8, REMILIA ja KT MILANO juuksehooldus otse maaletoojalt, p\u00fcsikliendile kuni -25% soodsamalt, 1-2 t\u00f6\u00f6p\u00e4evaga pakk k\u00e4es!\" \/>\n<meta property=\"og:url\" content=\"https:\/\/ilusadjuuksed.ee\/ru\/product\/ritual-daily-shine\/\" \/>\n<meta property=\"og:site_name\" content=\"Ilusadjuuksed.ee\" \/>\n<meta property=\"article:publisher\" content=\"https:\/\/www.facebook.com\/ilusadjuuksed.ee\" \/>\n<meta property=\"article:modified_time\" content=\"2026-04-08T07:42:42+00:00\" \/>\n<meta property=\"og:image\" content=\"https:\/\/ilusadjuuksed.ee\/wp-content\/uploads\/2026\/04\/dailyshine_ritual-1.jpg\" \/>\n\t<meta property=\"og:image:width\" content=\"1080\" \/>\n\t<meta property=\"og:image:height\" content=\"1080\" \/>\n\t<meta property=\"og:image:type\" content=\"image\/jpeg\" \/>\n<meta name=\"twitter:card\" content=\"summary_large_image\" \/>\n<script type=\"application\/ld+json\" class=\"yoast-schema-graph\">{\"@context\":\"https:\\\/\\\/schema.org\",\"@graph\":[{\"@type\":[\"WebPage\",\"ItemPage\"],\"@id\":\"https:\\\/\\\/ilusadjuuksed.ee\\\/ru\\\/product\\\/ritual-daily-shine\\\/\",\"url\":\"https:\\\/\\\/ilusadjuuksed.ee\\\/ru\\\/product\\\/ritual-daily-shine\\\/\",\"name\":\"\u0420\u0438\u0442\u0443\u0430\u043b Daily Shine &#8226; Ilusadjuuksed.ee\",\"isPartOf\":{\"@id\":\"https:\\\/\\\/ilusadjuuksed.ee\\\/ru\\\/#website\"},\"primaryImageOfPage\":{\"@id\":\"https:\\\/\\\/ilusadjuuksed.ee\\\/ru\\\/product\\\/ritual-daily-shine\\\/#primaryimage\"},\"image\":{\"@id\":\"https:\\\/\\\/ilusadjuuksed.ee\\\/ru\\\/product\\\/ritual-daily-shine\\\/#primaryimage\"},\"thumbnailUrl\":\"https:\\\/\\\/ilusadjuuksed.ee\\\/wp-content\\\/uploads\\\/2026\\\/04\\\/dailyshine_ritual-1.jpg\",\"datePublished\":\"2026-04-01T13:11:39+00:00\",\"dateModified\":\"2026-04-08T07:42:42+00:00\",\"description\":\"L'ALGA \u0438\u043d\u043d\u043e\u0432\u0430\u0446\u0438\u043e\u043d\u043d\u044b\u0435 \u0441\u0440\u0435\u0434\u0441\u0442\u0432\u0430 \u043f\u043e \u0443\u0445\u043e\u0434\u0443 \u0437\u0430 \u043f\u043e\u0432\u0440\u0435\u0436\u0434\u0435\u043d\u043d\u044b\u043c\u0438, \u043e\u0431\u0440\u0430\u0431\u043e\u0442\u0430\u043d\u043d\u044b\u043c\u0438 \u0438 \u0441\u0443\u0445\u0438\u043c\u0438 \u0432\u043e\u043b\u043e\u0441\u0430\u043c\u0438. \u0411\u0435\u0440\u0435\u0433\u0438\u0442\u0435 \u0438 \u0437\u0430\u0449\u0438\u0449\u0430\u0439\u0442\u0435 \u0432\u043e\u043b\u043e\u0441\u044b \u043a\u0430\u0436\u0434\u044b\u0439 \u0434\u0435\u043d\u044c!\",\"breadcrumb\":{\"@id\":\"https:\\\/\\\/ilusadjuuksed.ee\\\/ru\\\/product\\\/ritual-daily-shine\\\/#breadcrumb\"},\"inLanguage\":\"ru-RU\",\"potentialAction\":[{\"@type\":\"ReadAction\",\"target\":[\"https:\\\/\\\/ilusadjuuksed.ee\\\/ru\\\/product\\\/ritual-daily-shine\\\/\"]}]},{\"@type\":\"ImageObject\",\"inLanguage\":\"ru-RU\",\"@id\":\"https:\\\/\\\/ilusadjuuksed.ee\\\/ru\\\/product\\\/ritual-daily-shine\\\/#primaryimage\",\"url\":\"https:\\\/\\\/ilusadjuuksed.ee\\\/wp-content\\\/uploads\\\/2026\\\/04\\\/dailyshine_ritual-1.jpg\",\"contentUrl\":\"https:\\\/\\\/ilusadjuuksed.ee\\\/wp-content\\\/uploads\\\/2026\\\/04\\\/dailyshine_ritual-1.jpg\",\"width\":1080,\"height\":1080,\"caption\":\"\u0415\u0436\u0435\u0434\u043d\u0435\u0432\u043d\u0430\u044f \u0440\u0443\u0442\u0438\u043d\u0430 \u0434\u043b\u044f \u0441\u0438\u044f\u043d\u0438\u044f \u0438 \u0448\u0435\u043b\u043a\u043e\u0432\u0438\u0441\u0442\u043e\u0439 \u043c\u044f\u0433\u043a\u043e\u0441\u0442\u0438 \u0442\u0443\u0441\u043a\u043b\u044b\u0445 \u0438 \u0431\u0435\u0437\u0436\u0438\u0437\u043d\u0435\u043d\u043d\u044b\u0445 \u0432\u043e\u043b\u043e\u0441\"},{\"@type\":\"BreadcrumbList\",\"@id\":\"https:\\\/\\\/ilusadjuuksed.ee\\\/ru\\\/product\\\/ritual-daily-shine\\\/#breadcrumb\",\"itemListElement\":[{\"@type\":\"ListItem\",\"position\":1,\"name\":\"\u0414\u043e\u043c\",\"item\":\"https:\\\/\\\/ilusadjuuksed.ee\\\/ru\\\/ilusadjuuksed-ee\\\/\"},{\"@type\":\"ListItem\",\"position\":2,\"name\":\"\u042d-\u041c\u0410\u0413\u0410\u0417\u0418\u041d\",\"item\":\"https:\\\/\\\/ilusadjuuksed.ee\\\/ru\\\/magazin\\\/\"},{\"@type\":\"ListItem\",\"position\":3,\"name\":\"BIACR\u00c8\",\"item\":\"https:\\\/\\\/ilusadjuuksed.ee\\\/ru\\\/kategorii-produktov\\\/biacre-ru\\\/\"},{\"@type\":\"ListItem\",\"position\":4,\"name\":\"\u0420\u0438\u0442\u0443\u0430\u043b Daily Shine\"}]},{\"@type\":\"WebSite\",\"@id\":\"https:\\\/\\\/ilusadjuuksed.ee\\\/ru\\\/#website\",\"url\":\"https:\\\/\\\/ilusadjuuksed.ee\\\/ru\\\/\",\"name\":\"Ilusadjuuksed.ee - tippklassi juuksehooldus \u00fchest kohast\",\"description\":\"ilusadjuuksed.ee \\\/ Tippklassi juuksehooldus &uuml;hest kohast\",\"publisher\":{\"@id\":\"https:\\\/\\\/ilusadjuuksed.ee\\\/ru\\\/#organization\"},\"potentialAction\":[{\"@type\":\"SearchAction\",\"target\":{\"@type\":\"EntryPoint\",\"urlTemplate\":\"https:\\\/\\\/ilusadjuuksed.ee\\\/ru\\\/?s={search_term_string}\"},\"query-input\":{\"@type\":\"PropertyValueSpecification\",\"valueRequired\":true,\"valueName\":\"search_term_string\"}}],\"inLanguage\":\"ru-RU\"},{\"@type\":\"Organization\",\"@id\":\"https:\\\/\\\/ilusadjuuksed.ee\\\/ru\\\/#organization\",\"name\":\"Ilusadjuuksed.ee\",\"url\":\"https:\\\/\\\/ilusadjuuksed.ee\\\/ru\\\/\",\"logo\":{\"@type\":\"ImageObject\",\"inLanguage\":\"ru-RU\",\"@id\":\"https:\\\/\\\/ilusadjuuksed.ee\\\/ru\\\/#\\\/schema\\\/logo\\\/image\\\/\",\"url\":\"https:\\\/\\\/ilusadjuuksed.ee\\\/wp-content\\\/uploads\\\/2022\\\/09\\\/IJ_200pc.png\",\"contentUrl\":\"https:\\\/\\\/ilusadjuuksed.ee\\\/wp-content\\\/uploads\\\/2022\\\/09\\\/IJ_200pc.png\",\"width\":200,\"height\":99,\"caption\":\"Ilusadjuuksed.ee\"},\"image\":{\"@id\":\"https:\\\/\\\/ilusadjuuksed.ee\\\/ru\\\/#\\\/schema\\\/logo\\\/image\\\/\"},\"sameAs\":[\"https:\\\/\\\/www.facebook.com\\\/ilusadjuuksed.ee\",\"https:\\\/\\\/www.instagram.com\\\/ilusadjuuksed\\\/\"],\"email\":\"info@ilusadjuuksed.ee\",\"telephone\":\"+3725142235\",\"legalName\":\"Norsten O\u00dc\",\"vatID\":\"EE102340024\"}]}<\/script>\n<!-- \/ Yoast SEO Premium plugin. -->","yoast_head_json":{"title":"\u0420\u0438\u0442\u0443\u0430\u043b Daily Shine &#8226; Ilusadjuuksed.ee","description":"L'ALGA \u0438\u043d\u043d\u043e\u0432\u0430\u0446\u0438\u043e\u043d\u043d\u044b\u0435 \u0441\u0440\u0435\u0434\u0441\u0442\u0432\u0430 \u043f\u043e \u0443\u0445\u043e\u0434\u0443 \u0437\u0430 \u043f\u043e\u0432\u0440\u0435\u0436\u0434\u0435\u043d\u043d\u044b\u043c\u0438, \u043e\u0431\u0440\u0430\u0431\u043e\u0442\u0430\u043d\u043d\u044b\u043c\u0438 \u0438 \u0441\u0443\u0445\u0438\u043c\u0438 \u0432\u043e\u043b\u043e\u0441\u0430\u043c\u0438. \u0411\u0435\u0440\u0435\u0433\u0438\u0442\u0435 \u0438 \u0437\u0430\u0449\u0438\u0449\u0430\u0439\u0442\u0435 \u0432\u043e\u043b\u043e\u0441\u044b \u043a\u0430\u0436\u0434\u044b\u0439 \u0434\u0435\u043d\u044c!","robots":{"index":"index","follow":"follow","max-snippet":"max-snippet:-1","max-image-preview":"max-image-preview:large","max-video-preview":"max-video-preview:-1"},"canonical":"https:\/\/ilusadjuuksed.ee\/ru\/product\/ritual-daily-shine\/","og_locale":"ru_RU","og_type":"article","og_title":"\u0420\u0438\u0442\u0443\u0430\u043b Daily Shine","og_description":"Ilusadjuuksed.ee - tippklassi juuksehooldus \u00fchest kohast. L'ALGA, BIACR\u00c8, REMILIA ja KT MILANO juuksehooldus otse maaletoojalt, p\u00fcsikliendile kuni -25% soodsamalt, 1-2 t\u00f6\u00f6p\u00e4evaga pakk k\u00e4es!","og_url":"https:\/\/ilusadjuuksed.ee\/ru\/product\/ritual-daily-shine\/","og_site_name":"Ilusadjuuksed.ee","article_publisher":"https:\/\/www.facebook.com\/ilusadjuuksed.ee","article_modified_time":"2026-04-08T07:42:42+00:00","og_image":[{"width":1080,"height":1080,"url":"https:\/\/ilusadjuuksed.ee\/wp-content\/uploads\/2026\/04\/dailyshine_ritual-1.jpg","type":"image\/jpeg"}],"twitter_card":"summary_large_image","schema":{"@context":"https:\/\/schema.org","@graph":[{"@type":["WebPage","ItemPage"],"@id":"https:\/\/ilusadjuuksed.ee\/ru\/product\/ritual-daily-shine\/","url":"https:\/\/ilusadjuuksed.ee\/ru\/product\/ritual-daily-shine\/","name":"\u0420\u0438\u0442\u0443\u0430\u043b Daily Shine &#8226; Ilusadjuuksed.ee","isPartOf":{"@id":"https:\/\/ilusadjuuksed.ee\/ru\/#website"},"primaryImageOfPage":{"@id":"https:\/\/ilusadjuuksed.ee\/ru\/product\/ritual-daily-shine\/#primaryimage"},"image":{"@id":"https:\/\/ilusadjuuksed.ee\/ru\/product\/ritual-daily-shine\/#primaryimage"},"thumbnailUrl":"https:\/\/ilusadjuuksed.ee\/wp-content\/uploads\/2026\/04\/dailyshine_ritual-1.jpg","datePublished":"2026-04-01T13:11:39+00:00","dateModified":"2026-04-08T07:42:42+00:00","description":"L'ALGA \u0438\u043d\u043d\u043e\u0432\u0430\u0446\u0438\u043e\u043d\u043d\u044b\u0435 \u0441\u0440\u0435\u0434\u0441\u0442\u0432\u0430 \u043f\u043e \u0443\u0445\u043e\u0434\u0443 \u0437\u0430 \u043f\u043e\u0432\u0440\u0435\u0436\u0434\u0435\u043d\u043d\u044b\u043c\u0438, \u043e\u0431\u0440\u0430\u0431\u043e\u0442\u0430\u043d\u043d\u044b\u043c\u0438 \u0438 \u0441\u0443\u0445\u0438\u043c\u0438 \u0432\u043e\u043b\u043e\u0441\u0430\u043c\u0438. \u0411\u0435\u0440\u0435\u0433\u0438\u0442\u0435 \u0438 \u0437\u0430\u0449\u0438\u0449\u0430\u0439\u0442\u0435 \u0432\u043e\u043b\u043e\u0441\u044b \u043a\u0430\u0436\u0434\u044b\u0439 \u0434\u0435\u043d\u044c!","breadcrumb":{"@id":"https:\/\/ilusadjuuksed.ee\/ru\/product\/ritual-daily-shine\/#breadcrumb"},"inLanguage":"ru-RU","potentialAction":[{"@type":"ReadAction","target":["https:\/\/ilusadjuuksed.ee\/ru\/product\/ritual-daily-shine\/"]}]},{"@type":"ImageObject","inLanguage":"ru-RU","@id":"https:\/\/ilusadjuuksed.ee\/ru\/product\/ritual-daily-shine\/#primaryimage","url":"https:\/\/ilusadjuuksed.ee\/wp-content\/uploads\/2026\/04\/dailyshine_ritual-1.jpg","contentUrl":"https:\/\/ilusadjuuksed.ee\/wp-content\/uploads\/2026\/04\/dailyshine_ritual-1.jpg","width":1080,"height":1080,"caption":"\u0415\u0436\u0435\u0434\u043d\u0435\u0432\u043d\u0430\u044f \u0440\u0443\u0442\u0438\u043d\u0430 \u0434\u043b\u044f \u0441\u0438\u044f\u043d\u0438\u044f \u0438 \u0448\u0435\u043b\u043a\u043e\u0432\u0438\u0441\u0442\u043e\u0439 \u043c\u044f\u0433\u043a\u043e\u0441\u0442\u0438 \u0442\u0443\u0441\u043a\u043b\u044b\u0445 \u0438 \u0431\u0435\u0437\u0436\u0438\u0437\u043d\u0435\u043d\u043d\u044b\u0445 \u0432\u043e\u043b\u043e\u0441"},{"@type":"BreadcrumbList","@id":"https:\/\/ilusadjuuksed.ee\/ru\/product\/ritual-daily-shine\/#breadcrumb","itemListElement":[{"@type":"ListItem","position":1,"name":"\u0414\u043e\u043c","item":"https:\/\/ilusadjuuksed.ee\/ru\/ilusadjuuksed-ee\/"},{"@type":"ListItem","position":2,"name":"\u042d-\u041c\u0410\u0413\u0410\u0417\u0418\u041d","item":"https:\/\/ilusadjuuksed.ee\/ru\/magazin\/"},{"@type":"ListItem","position":3,"name":"BIACR\u00c8","item":"https:\/\/ilusadjuuksed.ee\/ru\/kategorii-produktov\/biacre-ru\/"},{"@type":"ListItem","position":4,"name":"\u0420\u0438\u0442\u0443\u0430\u043b Daily Shine"}]},{"@type":"WebSite","@id":"https:\/\/ilusadjuuksed.ee\/ru\/#website","url":"https:\/\/ilusadjuuksed.ee\/ru\/","name":"Ilusadjuuksed.ee - tippklassi juuksehooldus \u00fchest kohast","description":"ilusadjuuksed.ee \/ Tippklassi juuksehooldus &uuml;hest kohast","publisher":{"@id":"https:\/\/ilusadjuuksed.ee\/ru\/#organization"},"potentialAction":[{"@type":"SearchAction","target":{"@type":"EntryPoint","urlTemplate":"https:\/\/ilusadjuuksed.ee\/ru\/?s={search_term_string}"},"query-input":{"@type":"PropertyValueSpecification","valueRequired":true,"valueName":"search_term_string"}}],"inLanguage":"ru-RU"},{"@type":"Organization","@id":"https:\/\/ilusadjuuksed.ee\/ru\/#organization","name":"Ilusadjuuksed.ee","url":"https:\/\/ilusadjuuksed.ee\/ru\/","logo":{"@type":"ImageObject","inLanguage":"ru-RU","@id":"https:\/\/ilusadjuuksed.ee\/ru\/#\/schema\/logo\/image\/","url":"https:\/\/ilusadjuuksed.ee\/wp-content\/uploads\/2022\/09\/IJ_200pc.png","contentUrl":"https:\/\/ilusadjuuksed.ee\/wp-content\/uploads\/2022\/09\/IJ_200pc.png","width":200,"height":99,"caption":"Ilusadjuuksed.ee"},"image":{"@id":"https:\/\/ilusadjuuksed.ee\/ru\/#\/schema\/logo\/image\/"},"sameAs":["https:\/\/www.facebook.com\/ilusadjuuksed.ee","https:\/\/www.instagram.com\/ilusadjuuksed\/"],"email":"info@ilusadjuuksed.ee","telephone":"+3725142235","legalName":"Norsten O\u00dc","vatID":"EE102340024"}]}},"_links":{"self":[{"href":"https:\/\/ilusadjuuksed.ee\/ru\/wp-json\/wp\/v2\/product\/53220","targetHints":{"allow":["GET"]}}],"collection":[{"href":"https:\/\/ilusadjuuksed.ee\/ru\/wp-json\/wp\/v2\/product"}],"about":[{"href":"https:\/\/ilusadjuuksed.ee\/ru\/wp-json\/wp\/v2\/types\/product"}],"replies":[{"embeddable":true,"href":"https:\/\/ilusadjuuksed.ee\/ru\/wp-json\/wp\/v2\/comments?post=53220"}],"version-history":[{"count":0,"href":"https:\/\/ilusadjuuksed.ee\/ru\/wp-json\/wp\/v2\/product\/53220\/revisions"}],"wp:featuredmedia":[{"embeddable":true,"href":"https:\/\/ilusadjuuksed.ee\/ru\/wp-json\/wp\/v2\/media\/53219"}],"wp:attachment":[{"href":"https:\/\/ilusadjuuksed.ee\/ru\/wp-json\/wp\/v2\/media?parent=53220"}],"wp:term":[{"taxonomy":"product_brand","embeddable":true,"href":"https:\/\/ilusadjuuksed.ee\/ru\/wp-json\/wp\/v2\/product_brand?post=53220"},{"taxonomy":"product_cat","embeddable":true,"href":"https:\/\/ilusadjuuksed.ee\/ru\/wp-json\/wp\/v2\/product_cat?post=53220"},{"taxonomy":"product_tag","embeddable":true,"href":"https:\/\/ilusadjuuksed.ee\/ru\/wp-json\/wp\/v2\/product_tag?post=53220"}],"curies":[{"name":"wp","href":"https:\/\/api.w.org\/{rel}","templated":true}]}}