{"id":50778,"date":"2025-11-16T11:25:25","date_gmt":"2025-11-16T09:25:25","guid":{"rendered":"https:\/\/ilusadjuuksed.ee\/?post_type=product&#038;p=50778"},"modified":"2025-12-02T16:20:02","modified_gmt":"2025-12-02T14:20:02","slug":"kt-milano-protecting-acqua-dlya-kozhi-golovy-i-volos","status":"publish","type":"product","link":"https:\/\/ilusadjuuksed.ee\/ru\/product\/kt-milano-protecting-acqua-dlya-kozhi-golovy-i-volos\/","title":{"rendered":"KT Milano Protecting Acqua \u0434\u043b\u044f \u043a\u043e\u0436\u0438 \u0433\u043e\u043b\u043e\u0432\u044b \u0438 \u0432\u043e\u043b\u043e\u0441"},"content":{"rendered":"<p><strong>\u041e\u0441\u043d\u043e\u0432\u043d\u044b\u0435 \u0438\u043d\u0433\u0440\u0435\u0434\u0438\u0435\u043d\u0442\u044b \u0438 \u0438\u0445 \u0434\u0435\u0439\u0441\u0442\u0432\u0438\u0435:<\/strong><\/p>\n<ul>\n<li data-start=\"0\" data-end=\"116\"><strong>\u042d\u0444\u0438\u0440\u043d\u043e\u0435 \u043c\u0430\u0441\u043b\u043e \u043a\u043e\u0440\u0438\u0446\u044b<\/strong> &#8211; \u0441\u0442\u0438\u043c\u0443\u043b\u0438\u0440\u0443\u0435\u0442 \u0440\u043e\u0441\u0442 \u0432\u043e\u043b\u043e\u0441, \u043e\u0431\u043b\u0430\u0434\u0430\u0435\u0442 \u0430\u043d\u0442\u0438\u043c\u0438\u043a\u0440\u043e\u0431\u043d\u044b\u043c \u0434\u0435\u0439\u0441\u0442\u0432\u0438\u0435\u043c, \u043e\u0441\u0442\u0430\u0432\u043b\u044f\u0435\u0442 \u043f\u0440\u0438\u044f\u0442\u043d\u044b\u0439 \u0430\u0440\u043e\u043c\u0430\u0442, \u0443\u0432\u043b\u0430\u0436\u043d\u044f\u0435\u0442 \u0438 \u043f\u0438\u0442\u0430\u0435\u0442.<\/li>\n<li data-start=\"0\" data-end=\"116\"><strong>\u041c\u0451\u0434<\/strong> &#8211; \u0443\u0432\u043b\u0430\u0436\u043d\u044f\u0435\u0442, \u0434\u0435\u0439\u0441\u0442\u0432\u0443\u0435\u0442 \u043a\u0430\u043a \u043d\u0430\u0442\u0443\u0440\u0430\u043b\u044c\u043d\u044b\u0439 \u043a\u043e\u043d\u0434\u0438\u0446\u0438\u043e\u043d\u0435\u0440, \u0441\u043e\u0434\u0435\u0440\u0436\u0438\u0442 \u0430\u043d\u0442\u0438\u043e\u043a\u0441\u0438\u0434\u0430\u043d\u0442\u044b.<\/li>\n<li data-start=\"0\" data-end=\"116\"><strong>\u042d\u0444\u0438\u0440\u043d\u043e\u0435 \u043c\u0430\u0441\u043b\u043e \u0447\u0430\u0439\u043d\u043e\u0433\u043e \u0434\u0435\u0440\u0435\u0432\u0430<\/strong> &#8211; \u043f\u043e\u043c\u043e\u0433\u0430\u0435\u0442 \u0437\u0430\u0449\u0438\u0442\u0438\u0442\u044c \u043a\u043e\u0436\u0443 \u0433\u043e\u043b\u043e\u0432\u044b \u043e\u0442 \u0438\u043d\u0444\u0435\u043a\u0446\u0438\u0439, \u043a\u043e\u0442\u043e\u0440\u044b\u0435 \u043c\u043e\u0433\u0443\u0442 \u0432\u043e\u0437\u043d\u0438\u043a\u043d\u0443\u0442\u044c \u0438\u0437-\u0437\u0430 \u0442\u0435\u043f\u043b\u0430 \u0438 \u043f\u043e\u0442\u043e\u043e\u0442\u0434\u0435\u043b\u0435\u043d\u0438\u044f.<\/li>\n<li data-start=\"0\" data-end=\"116\"><strong>\u0421\u043e\u0434\u0435\u0440\u0436\u0438\u0442 \u043f\u0440\u0435\u0431\u0438\u043e\u0442\u0438\u043a\u0438,<\/strong> \u043a\u043e\u0442\u043e\u0440\u044b\u0435 \u043f\u043e\u0434\u0434\u0435\u0440\u0436\u0438\u0432\u0430\u044e\u0442 \u043c\u0438\u043a\u0440\u043e\u0431\u0438\u043e\u043c \u043a\u043e\u0436\u0438 \u0433\u043e\u043b\u043e\u0432\u044b \u0438 \u043f\u043e\u043c\u043e\u0433\u0430\u044e\u0442 \u0441\u043e\u0445\u0440\u0430\u043d\u0438\u0442\u044c \u0435\u0441\u0442\u0435\u0441\u0442\u0432\u0435\u043d\u043d\u044b\u0439 \u0437\u0430\u0449\u0438\u0442\u043d\u044b\u0439 \u0431\u0430\u0440\u044c\u0435\u0440 \u043a\u043e\u0436\u0438.<\/li>\n<\/ul>\n<p data-start=\"2115\" data-end=\"2127\"><strong data-start=\"2115\" data-end=\"2127\">\u041f\u0440\u0435\u0438\u043c\u0443\u0449\u0435\u0441\u0442\u0432\u0430:<\/strong><\/p>\n<ul>\n<li data-start=\"1980\" data-end=\"2042\">\u041e\u0441\u0432\u0435\u0436\u0430\u044e\u0449\u0435\u0435 \u0438 \u043e\u0445\u043b\u0430\u0436\u0434\u0430\u044e\u0449\u0435\u0435 \u0434\u0435\u0439\u0441\u0442\u0432\u0438\u0435, \u0438\u0434\u0435\u0430\u043b\u044c\u043d\u043e \u0434\u043b\u044f \u0441\u0442\u0438\u043c\u0443\u043b\u044f\u0446\u0438\u0438 \u043a\u043e\u0436\u0438 \u0433\u043e\u043b\u043e\u0432\u044b<\/li>\n<li data-start=\"1980\" data-end=\"2042\">\u0423\u0432\u043b\u0430\u0436\u043d\u044f\u044e\u0449\u0430\u044f \u0438 \u043f\u043e\u0434\u0434\u0435\u0440\u0436\u0438\u0432\u0430\u044e\u0449\u0430\u044f \u043c\u0438\u043a\u0440\u043e\u0431\u0438\u043e\u043c \u0444\u043e\u0440\u043c\u0443\u043b\u0430<\/li>\n<li data-start=\"1980\" data-end=\"2042\">\u041d\u0435 \u0441\u043e\u0434\u0435\u0440\u0436\u0438\u0442 \u0441\u0438\u043b\u0438\u043a\u043e\u043d\u043e\u0432, \u0441\u0443\u043b\u044c\u0444\u0430\u0442\u043e\u0432 \u0438 \u043f\u0430\u0440\u0430\u0431\u0435\u043d\u043e\u0432<\/li>\n<li data-start=\"1980\" data-end=\"2042\">\u041f\u043e\u0434\u0445\u043e\u0434\u0438\u0442 \u0434\u043b\u044f \u0443\u043a\u0440\u0435\u043f\u043b\u0435\u043d\u0438\u044f \u0436\u0438\u0440\u043d\u043e\u0439 \u0438\u043b\u0438 \u0443\u0441\u0442\u0430\u0432\u0448\u0435\u0439 \u043a\u043e\u0436\u0438 \u0433\u043e\u043b\u043e\u0432\u044b<\/li>\n<\/ul>\n<p>\u041e\u0431\u044a\u0435\u043c: 120 \u043c\u043b<br \/>\n\u0421\u0442\u0440\u0430\u043d\u0430 \u043f\u0440\u043e\u0438\u0441\u0445\u043e\u0436\u0434\u0435\u043d\u0438\u044f: \u0418\u0442\u0430\u043b\u0438\u044f<\/p>\n","protected":false},"excerpt":{"rendered":"<p data-start=\"80\" data-end=\"125\"><strong data-start=\"80\" data-end=\"125\">\u0417\u0410\u0429\u0418\u0429\u0410\u0415\u0422 \u2022 \u0423\u0412\u041b\u0410\u0416\u041d\u042f\u0415\u0422 \u2022 \u041e\u0421\u0412\u0415\u0416\u0410\u0415\u0422 <\/strong><\/p>\n<p data-start=\"127\" data-end=\"383\"><em>Protecting Acqua<\/em> \u2014 \u044d\u0442\u043e \u043c\u043d\u043e\u0433\u043e\u0444\u0443\u043d\u043a\u0446\u0438\u043e\u043d\u0430\u043b\u044c\u043d\u044b\u0439 \u043e\u0441\u0432\u0435\u0436\u0430\u044e\u0449\u0438\u0439 \u0441\u043f\u0440\u0435\u0439 \u0434\u043b\u044f \u0432\u043e\u043b\u043e\u0441, \u043a\u043e\u0442\u043e\u0440\u044b\u0439 \u0437\u0430\u0449\u0438\u0449\u0430\u0435\u0442 \u043a\u0430\u043a \u0432\u043e\u043b\u043e\u0441\u044b, \u0442\u0430\u043a \u0438 \u043a\u043e\u0436\u0443 \u0433\u043e\u043b\u043e\u0432\u044b \u043e\u0442 \u043f\u043e\u0432\u0441\u0435\u0434\u043d\u0435\u0432\u043d\u044b\u0445 \u0432\u043e\u0437\u0434\u0435\u0439\u0441\u0442\u0432\u0438\u0439 \u0438 \u0442\u0435\u043f\u043b\u0430. \u041b\u0435\u0433\u043a\u0430\u044f \u0438 \u0443\u0432\u043b\u0430\u0436\u043d\u044f\u044e\u0449\u0430\u044f \u0444\u043e\u0440\u043c\u0443\u043b\u0430 \u043f\u043e\u043c\u043e\u0433\u0430\u0435\u0442 \u043f\u043e\u0434\u0434\u0435\u0440\u0436\u0438\u0432\u0430\u0442\u044c \u0431\u0430\u043b\u0430\u043d\u0441 \u043c\u0438\u043a\u0440\u043e\u0431\u0438\u043e\u043c\u0430 \u043a\u043e\u0436\u0438 \u0433\u043e\u043b\u043e\u0432\u044b, \u043f\u0440\u0435\u0434\u043e\u0442\u0432\u0440\u0430\u0449\u0430\u0435\u0442 \u0441\u0443\u0445\u043e\u0441\u0442\u044c \u0438 \u043e\u0431\u0435\u0441\u043f\u0435\u0447\u0438\u0432\u0430\u0435\u0442 \u043e\u0431\u043b\u0435\u0433\u0447\u0435\u043d\u0438\u0435 \u0434\u043b\u044f \u0436\u0438\u0440\u043d\u043e\u0439 \u0438\u043b\u0438 \u0447\u0443\u0432\u0441\u0442\u0432\u0438\u0442\u0435\u043b\u044c\u043d\u043e\u0439 \u043a\u043e\u0436\u0438. \u042d\u0444\u0438\u0440\u043d\u044b\u0435 \u043c\u0430\u0441\u043b\u0430 \u043a\u043e\u0440\u0438\u0446\u044b \u0438 \u0447\u0430\u0439\u043d\u043e\u0433\u043e \u0434\u0435\u0440\u0435\u0432\u0430 \u043e\u0447\u0438\u0449\u0430\u044e\u0442 \u0438 \u0443\u0441\u043f\u043e\u043a\u0430\u0438\u0432\u0430\u044e\u0442 \u043a\u043e\u0436\u0443 \u0433\u043e\u043b\u043e\u0432\u044b, \u043c\u0435\u0434 \u0443\u0432\u043b\u0430\u0436\u043d\u044f\u0435\u0442 \u0438 \u043e\u0431\u0435\u0441\u043f\u0435\u0447\u0438\u0432\u0430\u0435\u0442 \u0435\u0441\u0442\u0435\u0441\u0442\u0432\u0435\u043d\u043d\u0443\u044e \u0437\u0430\u0449\u0438\u0442\u0443. \u0421\u043f\u0440\u0435\u0439 \u043f\u043e\u043c\u043e\u0433\u0430\u0435\u0442 \u0443\u043c\u0435\u043d\u044c\u0448\u0438\u0442\u044c \u043f\u043e\u0442\u0435\u0440\u044e \u0432\u043b\u0430\u0433\u0438 \u043f\u0440\u0438 \u0441\u0443\u0448\u043a\u0435, \u0434\u0435\u043b\u0430\u0435\u0442 \u0432\u043e\u043b\u043e\u0441\u044b \u043c\u044f\u0433\u043a\u0438\u043c\u0438, \u0441\u043d\u0438\u0436\u0430\u0435\u0442 \u043f\u0443\u0448\u0438\u0441\u0442\u043e\u0441\u0442\u044c \u0438 \u0443\u043b\u0443\u0447\u0448\u0430\u0435\u0442 \u0440\u0430\u0441\u0447\u0435\u0441\u044b\u0432\u0430\u0435\u043c\u043e\u0441\u0442\u044c. \u0420\u0435\u0437\u0443\u043b\u044c\u0442\u0430\u0442 \u2014 \u043e\u0431\u043d\u043e\u0432\u043b\u0435\u043d\u043d\u0430\u044f \u043a\u043e\u0436\u0430 \u0433\u043e\u043b\u043e\u0432\u044b, \u043c\u044f\u0433\u043a\u0438\u0435 \u0438 \u043b\u0435\u0433\u043a\u0438\u0435 \u0432 \u0443\u0445\u043e\u0434\u0435 \u0432\u043e\u043b\u043e\u0441\u044b. \u0411\u0435\u0437 \u0441\u0438\u043b\u0438\u043a\u043e\u043d\u043e\u0432, \u0441\u0443\u043b\u044c\u0444\u0430\u0442\u043e\u0432 \u0438 \u043f\u0430\u0440\u0430\u0431\u0435\u043d\u043e\u0432.<\/p>\n","protected":false},"featured_media":50780,"comment_status":"open","ping_status":"closed","template":"","meta":[],"product_brand":[],"product_cat":[991,995,951,949,942,550,551,583],"product_tag":[359,168,163],"class_list":{"0":"post-50778","1":"product","2":"type-product","3":"status-publish","4":"has-post-thumbnail","6":"product_cat-kt-milano","7":"product_cat-kt-milano-kaitse-viimistlus","8":"product_cat-zhirnye-volosy","9":"product_cat-normalnye-volosy","10":"product_cat-suhie-volosy","11":"product_cat-kuumakaitse-ru","12":"product_cat-peanaha-hooldus-ru","13":"product_cat-new","14":"product_tag-balansirovka-kozhi-golovy","15":"product_tag-termozashhita","16":"product_tag-uvlazhnyayushhij","18":"first","19":"instock","20":"taxable","21":"shipping-taxable","22":"purchasable","23":"product-type-simple"},"bundled_by":[],"bundle_stock_status":"instock","bundle_stock_quantity":null,"bundle_virtual":false,"bundle_layout":"","bundle_add_to_cart_form_location":"","bundle_editable_in_cart":false,"bundle_sold_individually_context":"","bundle_item_grouping":"","bundle_min_size":"","bundle_max_size":"","bundle_price":[],"bundled_items":[],"bundle_sell_ids":[],"yoast_head":"<!-- This site is optimized with the Yoast SEO Premium plugin v27.3 (Yoast SEO v27.3) - https:\/\/yoast.com\/product\/yoast-seo-premium-wordpress\/ -->\n<title>KT Milano Protecting Acqua \u0434\u043b\u044f \u043a\u043e\u0436\u0438 \u0433\u043e\u043b\u043e\u0432\u044b \u0438 \u0432\u043e\u043b\u043e\u0441 &#8226; Ilusadjuuksed.ee<\/title>\n<meta name=\"description\" content=\"\u041c\u0430\u0441\u043a\u0430 Blossom \u2014 \u044d\u0442\u043e \u0433\u043b\u0443\u0431\u043e\u043a\u043e \u0443\u0432\u043b\u0430\u0436\u043d\u044f\u044e\u0449\u0430\u044f \u0438 \u0432\u043e\u0441\u0441\u0442\u0430\u043d\u0430\u0432\u043b\u0438\u0432\u0430\u044e\u0449\u0430\u044f \u043c\u0430\u0441\u043a\u0430 \u0434\u043b\u044f \u0432\u043e\u043b\u043e\u0441, \u043a\u043e\u0442\u043e\u0440\u0430\u044f \u043e\u0436\u0438\u0432\u043b\u044f\u0435\u0442 \u0432\u0441\u0435 \u0442\u0438\u043f\u044b \u0432\u043e\u043b\u043e\u0441, \u043e\u0442 \u0441\u0443\u0445\u0438\u0445 \u0438 \u043f\u0443\u0448\u0438\u0441\u0442\u044b\u0445 \u0434\u043e \u0445\u0438\u043c\u0438\u0447\u0435\u0441\u043a\u0438 \u043e\u0431\u0440\u0430\u0431\u043e\u0442\u0430\u043d\u043d\u044b\u0445.\" \/>\n<meta name=\"robots\" content=\"index, follow, max-snippet:-1, max-image-preview:large, max-video-preview:-1\" \/>\n<link rel=\"canonical\" href=\"https:\/\/ilusadjuuksed.ee\/ru\/product\/kt-milano-protecting-acqua-dlya-kozhi-golovy-i-volos\/\" \/>\n<meta property=\"og:locale\" content=\"ru_RU\" \/>\n<meta property=\"og:type\" content=\"article\" \/>\n<meta property=\"og:title\" content=\"KT Milano Protecting Acqua \u0434\u043b\u044f \u043a\u043e\u0436\u0438 \u0433\u043e\u043b\u043e\u0432\u044b \u0438 \u0432\u043e\u043b\u043e\u0441\" \/>\n<meta property=\"og:description\" content=\"Ilusadjuuksed.ee - tippklassi juuksehooldus \u00fchest kohast. L&#039;ALGA, BIACR\u00c8, REMILIA ja KT MILANO juuksehooldus otse maaletoojalt, p\u00fcsikliendile kuni -25% soodsamalt, 1-2 t\u00f6\u00f6p\u00e4evaga pakk k\u00e4es!\" \/>\n<meta property=\"og:url\" content=\"https:\/\/ilusadjuuksed.ee\/ru\/product\/kt-milano-protecting-acqua-dlya-kozhi-golovy-i-volos\/\" \/>\n<meta property=\"og:site_name\" content=\"Ilusadjuuksed.ee\" \/>\n<meta property=\"article:publisher\" content=\"https:\/\/www.facebook.com\/ilusadjuuksed.ee\" \/>\n<meta property=\"article:modified_time\" content=\"2025-12-02T14:20:02+00:00\" \/>\n<meta property=\"og:image\" content=\"https:\/\/ilusadjuuksed.ee\/wp-content\/uploads\/2025\/11\/kt_milano_protecting_aqua-1.jpg\" \/>\n\t<meta property=\"og:image:width\" content=\"1001\" \/>\n\t<meta property=\"og:image:height\" content=\"1001\" \/>\n\t<meta property=\"og:image:type\" content=\"image\/jpeg\" \/>\n<meta name=\"twitter:card\" content=\"summary_large_image\" \/>\n<script type=\"application\/ld+json\" class=\"yoast-schema-graph\">{\"@context\":\"https:\\\/\\\/schema.org\",\"@graph\":[{\"@type\":[\"WebPage\",\"ItemPage\"],\"@id\":\"https:\\\/\\\/ilusadjuuksed.ee\\\/ru\\\/product\\\/kt-milano-protecting-acqua-dlya-kozhi-golovy-i-volos\\\/\",\"url\":\"https:\\\/\\\/ilusadjuuksed.ee\\\/ru\\\/product\\\/kt-milano-protecting-acqua-dlya-kozhi-golovy-i-volos\\\/\",\"name\":\"KT Milano Protecting Acqua \u0434\u043b\u044f \u043a\u043e\u0436\u0438 \u0433\u043e\u043b\u043e\u0432\u044b \u0438 \u0432\u043e\u043b\u043e\u0441 &#8226; Ilusadjuuksed.ee\",\"isPartOf\":{\"@id\":\"https:\\\/\\\/ilusadjuuksed.ee\\\/ru\\\/#website\"},\"primaryImageOfPage\":{\"@id\":\"https:\\\/\\\/ilusadjuuksed.ee\\\/ru\\\/product\\\/kt-milano-protecting-acqua-dlya-kozhi-golovy-i-volos\\\/#primaryimage\"},\"image\":{\"@id\":\"https:\\\/\\\/ilusadjuuksed.ee\\\/ru\\\/product\\\/kt-milano-protecting-acqua-dlya-kozhi-golovy-i-volos\\\/#primaryimage\"},\"thumbnailUrl\":\"https:\\\/\\\/ilusadjuuksed.ee\\\/wp-content\\\/uploads\\\/2025\\\/11\\\/kt_milano_protecting_aqua-1.jpg\",\"datePublished\":\"2025-11-16T09:25:25+00:00\",\"dateModified\":\"2025-12-02T14:20:02+00:00\",\"description\":\"\u041c\u0430\u0441\u043a\u0430 Blossom \u2014 \u044d\u0442\u043e \u0433\u043b\u0443\u0431\u043e\u043a\u043e \u0443\u0432\u043b\u0430\u0436\u043d\u044f\u044e\u0449\u0430\u044f \u0438 \u0432\u043e\u0441\u0441\u0442\u0430\u043d\u0430\u0432\u043b\u0438\u0432\u0430\u044e\u0449\u0430\u044f \u043c\u0430\u0441\u043a\u0430 \u0434\u043b\u044f \u0432\u043e\u043b\u043e\u0441, \u043a\u043e\u0442\u043e\u0440\u0430\u044f \u043e\u0436\u0438\u0432\u043b\u044f\u0435\u0442 \u0432\u0441\u0435 \u0442\u0438\u043f\u044b \u0432\u043e\u043b\u043e\u0441, \u043e\u0442 \u0441\u0443\u0445\u0438\u0445 \u0438 \u043f\u0443\u0448\u0438\u0441\u0442\u044b\u0445 \u0434\u043e \u0445\u0438\u043c\u0438\u0447\u0435\u0441\u043a\u0438 \u043e\u0431\u0440\u0430\u0431\u043e\u0442\u0430\u043d\u043d\u044b\u0445.\",\"breadcrumb\":{\"@id\":\"https:\\\/\\\/ilusadjuuksed.ee\\\/ru\\\/product\\\/kt-milano-protecting-acqua-dlya-kozhi-golovy-i-volos\\\/#breadcrumb\"},\"inLanguage\":\"ru-RU\",\"potentialAction\":[{\"@type\":\"ReadAction\",\"target\":[\"https:\\\/\\\/ilusadjuuksed.ee\\\/ru\\\/product\\\/kt-milano-protecting-acqua-dlya-kozhi-golovy-i-volos\\\/\"]}]},{\"@type\":\"ImageObject\",\"inLanguage\":\"ru-RU\",\"@id\":\"https:\\\/\\\/ilusadjuuksed.ee\\\/ru\\\/product\\\/kt-milano-protecting-acqua-dlya-kozhi-golovy-i-volos\\\/#primaryimage\",\"url\":\"https:\\\/\\\/ilusadjuuksed.ee\\\/wp-content\\\/uploads\\\/2025\\\/11\\\/kt_milano_protecting_aqua-1.jpg\",\"contentUrl\":\"https:\\\/\\\/ilusadjuuksed.ee\\\/wp-content\\\/uploads\\\/2025\\\/11\\\/kt_milano_protecting_aqua-1.jpg\",\"width\":1001,\"height\":1001},{\"@type\":\"BreadcrumbList\",\"@id\":\"https:\\\/\\\/ilusadjuuksed.ee\\\/ru\\\/product\\\/kt-milano-protecting-acqua-dlya-kozhi-golovy-i-volos\\\/#breadcrumb\",\"itemListElement\":[{\"@type\":\"ListItem\",\"position\":1,\"name\":\"\u0414\u043e\u043c\",\"item\":\"https:\\\/\\\/ilusadjuuksed.ee\\\/ru\\\/ilusadjuuksed-ee\\\/\"},{\"@type\":\"ListItem\",\"position\":2,\"name\":\"\u042d-\u041c\u0410\u0413\u0410\u0417\u0418\u041d\",\"item\":\"https:\\\/\\\/ilusadjuuksed.ee\\\/ru\\\/magazin\\\/\"},{\"@type\":\"ListItem\",\"position\":3,\"name\":\"KT MILANO\",\"item\":\"https:\\\/\\\/ilusadjuuksed.ee\\\/ru\\\/kategorii-produktov\\\/kt-milano\\\/\"},{\"@type\":\"ListItem\",\"position\":4,\"name\":\"KT Milano Protecting Acqua \u0434\u043b\u044f \u043a\u043e\u0436\u0438 \u0433\u043e\u043b\u043e\u0432\u044b \u0438 \u0432\u043e\u043b\u043e\u0441\"}]},{\"@type\":\"WebSite\",\"@id\":\"https:\\\/\\\/ilusadjuuksed.ee\\\/ru\\\/#website\",\"url\":\"https:\\\/\\\/ilusadjuuksed.ee\\\/ru\\\/\",\"name\":\"Ilusadjuuksed.ee - tippklassi juuksehooldus \u00fchest kohast\",\"description\":\"ilusadjuuksed.ee \\\/ Tippklassi juuksehooldus &uuml;hest kohast\",\"publisher\":{\"@id\":\"https:\\\/\\\/ilusadjuuksed.ee\\\/ru\\\/#organization\"},\"potentialAction\":[{\"@type\":\"SearchAction\",\"target\":{\"@type\":\"EntryPoint\",\"urlTemplate\":\"https:\\\/\\\/ilusadjuuksed.ee\\\/ru\\\/?s={search_term_string}\"},\"query-input\":{\"@type\":\"PropertyValueSpecification\",\"valueRequired\":true,\"valueName\":\"search_term_string\"}}],\"inLanguage\":\"ru-RU\"},{\"@type\":\"Organization\",\"@id\":\"https:\\\/\\\/ilusadjuuksed.ee\\\/ru\\\/#organization\",\"name\":\"Ilusadjuuksed.ee\",\"url\":\"https:\\\/\\\/ilusadjuuksed.ee\\\/ru\\\/\",\"logo\":{\"@type\":\"ImageObject\",\"inLanguage\":\"ru-RU\",\"@id\":\"https:\\\/\\\/ilusadjuuksed.ee\\\/ru\\\/#\\\/schema\\\/logo\\\/image\\\/\",\"url\":\"https:\\\/\\\/ilusadjuuksed.ee\\\/wp-content\\\/uploads\\\/2022\\\/09\\\/IJ_200pc.png\",\"contentUrl\":\"https:\\\/\\\/ilusadjuuksed.ee\\\/wp-content\\\/uploads\\\/2022\\\/09\\\/IJ_200pc.png\",\"width\":200,\"height\":99,\"caption\":\"Ilusadjuuksed.ee\"},\"image\":{\"@id\":\"https:\\\/\\\/ilusadjuuksed.ee\\\/ru\\\/#\\\/schema\\\/logo\\\/image\\\/\"},\"sameAs\":[\"https:\\\/\\\/www.facebook.com\\\/ilusadjuuksed.ee\",\"https:\\\/\\\/www.instagram.com\\\/ilusadjuuksed\\\/\"],\"email\":\"info@ilusadjuuksed.ee\",\"telephone\":\"+3725142235\",\"legalName\":\"Norsten O\u00dc\",\"vatID\":\"EE102340024\"}]}<\/script>\n<!-- \/ Yoast SEO Premium plugin. -->","yoast_head_json":{"title":"KT Milano Protecting Acqua \u0434\u043b\u044f \u043a\u043e\u0436\u0438 \u0433\u043e\u043b\u043e\u0432\u044b \u0438 \u0432\u043e\u043b\u043e\u0441 &#8226; Ilusadjuuksed.ee","description":"\u041c\u0430\u0441\u043a\u0430 Blossom \u2014 \u044d\u0442\u043e \u0433\u043b\u0443\u0431\u043e\u043a\u043e \u0443\u0432\u043b\u0430\u0436\u043d\u044f\u044e\u0449\u0430\u044f \u0438 \u0432\u043e\u0441\u0441\u0442\u0430\u043d\u0430\u0432\u043b\u0438\u0432\u0430\u044e\u0449\u0430\u044f \u043c\u0430\u0441\u043a\u0430 \u0434\u043b\u044f \u0432\u043e\u043b\u043e\u0441, \u043a\u043e\u0442\u043e\u0440\u0430\u044f \u043e\u0436\u0438\u0432\u043b\u044f\u0435\u0442 \u0432\u0441\u0435 \u0442\u0438\u043f\u044b \u0432\u043e\u043b\u043e\u0441, \u043e\u0442 \u0441\u0443\u0445\u0438\u0445 \u0438 \u043f\u0443\u0448\u0438\u0441\u0442\u044b\u0445 \u0434\u043e \u0445\u0438\u043c\u0438\u0447\u0435\u0441\u043a\u0438 \u043e\u0431\u0440\u0430\u0431\u043e\u0442\u0430\u043d\u043d\u044b\u0445.","robots":{"index":"index","follow":"follow","max-snippet":"max-snippet:-1","max-image-preview":"max-image-preview:large","max-video-preview":"max-video-preview:-1"},"canonical":"https:\/\/ilusadjuuksed.ee\/ru\/product\/kt-milano-protecting-acqua-dlya-kozhi-golovy-i-volos\/","og_locale":"ru_RU","og_type":"article","og_title":"KT Milano Protecting Acqua \u0434\u043b\u044f \u043a\u043e\u0436\u0438 \u0433\u043e\u043b\u043e\u0432\u044b \u0438 \u0432\u043e\u043b\u043e\u0441","og_description":"Ilusadjuuksed.ee - tippklassi juuksehooldus \u00fchest kohast. L'ALGA, BIACR\u00c8, REMILIA ja KT MILANO juuksehooldus otse maaletoojalt, p\u00fcsikliendile kuni -25% soodsamalt, 1-2 t\u00f6\u00f6p\u00e4evaga pakk k\u00e4es!","og_url":"https:\/\/ilusadjuuksed.ee\/ru\/product\/kt-milano-protecting-acqua-dlya-kozhi-golovy-i-volos\/","og_site_name":"Ilusadjuuksed.ee","article_publisher":"https:\/\/www.facebook.com\/ilusadjuuksed.ee","article_modified_time":"2025-12-02T14:20:02+00:00","og_image":[{"width":1001,"height":1001,"url":"https:\/\/ilusadjuuksed.ee\/wp-content\/uploads\/2025\/11\/kt_milano_protecting_aqua-1.jpg","type":"image\/jpeg"}],"twitter_card":"summary_large_image","schema":{"@context":"https:\/\/schema.org","@graph":[{"@type":["WebPage","ItemPage"],"@id":"https:\/\/ilusadjuuksed.ee\/ru\/product\/kt-milano-protecting-acqua-dlya-kozhi-golovy-i-volos\/","url":"https:\/\/ilusadjuuksed.ee\/ru\/product\/kt-milano-protecting-acqua-dlya-kozhi-golovy-i-volos\/","name":"KT Milano Protecting Acqua \u0434\u043b\u044f \u043a\u043e\u0436\u0438 \u0433\u043e\u043b\u043e\u0432\u044b \u0438 \u0432\u043e\u043b\u043e\u0441 &#8226; Ilusadjuuksed.ee","isPartOf":{"@id":"https:\/\/ilusadjuuksed.ee\/ru\/#website"},"primaryImageOfPage":{"@id":"https:\/\/ilusadjuuksed.ee\/ru\/product\/kt-milano-protecting-acqua-dlya-kozhi-golovy-i-volos\/#primaryimage"},"image":{"@id":"https:\/\/ilusadjuuksed.ee\/ru\/product\/kt-milano-protecting-acqua-dlya-kozhi-golovy-i-volos\/#primaryimage"},"thumbnailUrl":"https:\/\/ilusadjuuksed.ee\/wp-content\/uploads\/2025\/11\/kt_milano_protecting_aqua-1.jpg","datePublished":"2025-11-16T09:25:25+00:00","dateModified":"2025-12-02T14:20:02+00:00","description":"\u041c\u0430\u0441\u043a\u0430 Blossom \u2014 \u044d\u0442\u043e \u0433\u043b\u0443\u0431\u043e\u043a\u043e \u0443\u0432\u043b\u0430\u0436\u043d\u044f\u044e\u0449\u0430\u044f \u0438 \u0432\u043e\u0441\u0441\u0442\u0430\u043d\u0430\u0432\u043b\u0438\u0432\u0430\u044e\u0449\u0430\u044f \u043c\u0430\u0441\u043a\u0430 \u0434\u043b\u044f \u0432\u043e\u043b\u043e\u0441, \u043a\u043e\u0442\u043e\u0440\u0430\u044f \u043e\u0436\u0438\u0432\u043b\u044f\u0435\u0442 \u0432\u0441\u0435 \u0442\u0438\u043f\u044b \u0432\u043e\u043b\u043e\u0441, \u043e\u0442 \u0441\u0443\u0445\u0438\u0445 \u0438 \u043f\u0443\u0448\u0438\u0441\u0442\u044b\u0445 \u0434\u043e \u0445\u0438\u043c\u0438\u0447\u0435\u0441\u043a\u0438 \u043e\u0431\u0440\u0430\u0431\u043e\u0442\u0430\u043d\u043d\u044b\u0445.","breadcrumb":{"@id":"https:\/\/ilusadjuuksed.ee\/ru\/product\/kt-milano-protecting-acqua-dlya-kozhi-golovy-i-volos\/#breadcrumb"},"inLanguage":"ru-RU","potentialAction":[{"@type":"ReadAction","target":["https:\/\/ilusadjuuksed.ee\/ru\/product\/kt-milano-protecting-acqua-dlya-kozhi-golovy-i-volos\/"]}]},{"@type":"ImageObject","inLanguage":"ru-RU","@id":"https:\/\/ilusadjuuksed.ee\/ru\/product\/kt-milano-protecting-acqua-dlya-kozhi-golovy-i-volos\/#primaryimage","url":"https:\/\/ilusadjuuksed.ee\/wp-content\/uploads\/2025\/11\/kt_milano_protecting_aqua-1.jpg","contentUrl":"https:\/\/ilusadjuuksed.ee\/wp-content\/uploads\/2025\/11\/kt_milano_protecting_aqua-1.jpg","width":1001,"height":1001},{"@type":"BreadcrumbList","@id":"https:\/\/ilusadjuuksed.ee\/ru\/product\/kt-milano-protecting-acqua-dlya-kozhi-golovy-i-volos\/#breadcrumb","itemListElement":[{"@type":"ListItem","position":1,"name":"\u0414\u043e\u043c","item":"https:\/\/ilusadjuuksed.ee\/ru\/ilusadjuuksed-ee\/"},{"@type":"ListItem","position":2,"name":"\u042d-\u041c\u0410\u0413\u0410\u0417\u0418\u041d","item":"https:\/\/ilusadjuuksed.ee\/ru\/magazin\/"},{"@type":"ListItem","position":3,"name":"KT MILANO","item":"https:\/\/ilusadjuuksed.ee\/ru\/kategorii-produktov\/kt-milano\/"},{"@type":"ListItem","position":4,"name":"KT Milano Protecting Acqua \u0434\u043b\u044f \u043a\u043e\u0436\u0438 \u0433\u043e\u043b\u043e\u0432\u044b \u0438 \u0432\u043e\u043b\u043e\u0441"}]},{"@type":"WebSite","@id":"https:\/\/ilusadjuuksed.ee\/ru\/#website","url":"https:\/\/ilusadjuuksed.ee\/ru\/","name":"Ilusadjuuksed.ee - tippklassi juuksehooldus \u00fchest kohast","description":"ilusadjuuksed.ee \/ Tippklassi juuksehooldus &uuml;hest kohast","publisher":{"@id":"https:\/\/ilusadjuuksed.ee\/ru\/#organization"},"potentialAction":[{"@type":"SearchAction","target":{"@type":"EntryPoint","urlTemplate":"https:\/\/ilusadjuuksed.ee\/ru\/?s={search_term_string}"},"query-input":{"@type":"PropertyValueSpecification","valueRequired":true,"valueName":"search_term_string"}}],"inLanguage":"ru-RU"},{"@type":"Organization","@id":"https:\/\/ilusadjuuksed.ee\/ru\/#organization","name":"Ilusadjuuksed.ee","url":"https:\/\/ilusadjuuksed.ee\/ru\/","logo":{"@type":"ImageObject","inLanguage":"ru-RU","@id":"https:\/\/ilusadjuuksed.ee\/ru\/#\/schema\/logo\/image\/","url":"https:\/\/ilusadjuuksed.ee\/wp-content\/uploads\/2022\/09\/IJ_200pc.png","contentUrl":"https:\/\/ilusadjuuksed.ee\/wp-content\/uploads\/2022\/09\/IJ_200pc.png","width":200,"height":99,"caption":"Ilusadjuuksed.ee"},"image":{"@id":"https:\/\/ilusadjuuksed.ee\/ru\/#\/schema\/logo\/image\/"},"sameAs":["https:\/\/www.facebook.com\/ilusadjuuksed.ee","https:\/\/www.instagram.com\/ilusadjuuksed\/"],"email":"info@ilusadjuuksed.ee","telephone":"+3725142235","legalName":"Norsten O\u00dc","vatID":"EE102340024"}]}},"_links":{"self":[{"href":"https:\/\/ilusadjuuksed.ee\/ru\/wp-json\/wp\/v2\/product\/50778","targetHints":{"allow":["GET"]}}],"collection":[{"href":"https:\/\/ilusadjuuksed.ee\/ru\/wp-json\/wp\/v2\/product"}],"about":[{"href":"https:\/\/ilusadjuuksed.ee\/ru\/wp-json\/wp\/v2\/types\/product"}],"replies":[{"embeddable":true,"href":"https:\/\/ilusadjuuksed.ee\/ru\/wp-json\/wp\/v2\/comments?post=50778"}],"version-history":[{"count":0,"href":"https:\/\/ilusadjuuksed.ee\/ru\/wp-json\/wp\/v2\/product\/50778\/revisions"}],"wp:featuredmedia":[{"embeddable":true,"href":"https:\/\/ilusadjuuksed.ee\/ru\/wp-json\/wp\/v2\/media\/50780"}],"wp:attachment":[{"href":"https:\/\/ilusadjuuksed.ee\/ru\/wp-json\/wp\/v2\/media?parent=50778"}],"wp:term":[{"taxonomy":"product_brand","embeddable":true,"href":"https:\/\/ilusadjuuksed.ee\/ru\/wp-json\/wp\/v2\/product_brand?post=50778"},{"taxonomy":"product_cat","embeddable":true,"href":"https:\/\/ilusadjuuksed.ee\/ru\/wp-json\/wp\/v2\/product_cat?post=50778"},{"taxonomy":"product_tag","embeddable":true,"href":"https:\/\/ilusadjuuksed.ee\/ru\/wp-json\/wp\/v2\/product_tag?post=50778"}],"curies":[{"name":"wp","href":"https:\/\/api.w.org\/{rel}","templated":true}]}}