{"id":47489,"date":"2025-08-25T17:21:24","date_gmt":"2025-08-25T14:21:24","guid":{"rendered":"https:\/\/ilusadjuuksed.ee\/?post_type=product&#038;p=47489"},"modified":"2025-08-27T12:08:45","modified_gmt":"2025-08-27T09:08:45","slug":"kosmetichka-lalga-deluxe","status":"publish","type":"product","link":"https:\/\/ilusadjuuksed.ee\/ru\/product\/kosmetichka-lalga-deluxe\/","title":{"rendered":"\u041a\u043e\u0441\u043c\u0435\u0442\u0438\u0447\u043a\u0430 L&#8217;Alga Deluxe"},"content":{"rendered":"","protected":false},"excerpt":{"rendered":"<p data-start=\"57\" data-end=\"95\"><strong data-start=\"57\" data-end=\"93\">\u042d\u041b\u0415\u0413\u0410\u041d\u0422\u041d\u0410\u042f \u2022 \u0412\u041c\u0415\u0421\u0422\u0418\u0422\u0415\u041b\u042c\u041d\u0410\u042f \u2022 \u0418\u0417\u042b\u0421\u041a\u0410\u041d\u041d\u0410\u042f<\/strong><\/p>\n<p data-start=\"97\" data-end=\"421\">\u041a\u043e\u0441\u043c\u0435\u0442\u0438\u0447\u043a\u0430 L&#8217;Alga Deluxe \u2014 \u044d\u0442\u043e \u0441\u0442\u0438\u043b\u044c\u043d\u044b\u0439 \u0438 \u043f\u0440\u0430\u043a\u0442\u0438\u0447\u043d\u044b\u0439 \u0430\u043a\u0441\u0435\u0441\u0441\u0443\u0430\u0440 \u0434\u043b\u044f \u0445\u0440\u0430\u043d\u0435\u043d\u0438\u044f \u0432\u0430\u0448\u0438\u0445 \u043b\u044e\u0431\u0438\u043c\u044b\u0445 \u043a\u043e\u0441\u043c\u0435\u0442\u0438\u0447\u0435\u0441\u043a\u0438\u0445 \u0441\u0440\u0435\u0434\u0441\u0442\u0432 \u0438 \u0431\u044c\u044e\u0442\u0438-\u043d\u0435\u043e\u0431\u0445\u043e\u0434\u0438\u043c\u043e\u0441\u0442\u0435\u0439. \u0411\u043b\u0430\u0433\u043e\u0434\u0430\u0440\u044f \u044d\u043b\u0435\u0433\u0430\u043d\u0442\u043d\u043e\u043c\u0443 \u0438 \u043f\u0440\u043e\u0447\u043d\u043e\u043c\u0443 \u0434\u0438\u0437\u0430\u0439\u043d\u0443 \u043e\u043d\u0430 \u0441\u0442\u0430\u043d\u0435\u0442 \u043d\u0435\u0437\u0430\u043c\u0435\u043d\u0438\u043c\u043e\u0439 \u043a\u0430\u043a \u0434\u043e\u043c\u0430, \u0442\u0430\u043a \u0438 \u0432 \u043f\u0443\u0442\u0435\u0448\u0435\u0441\u0442\u0432\u0438\u044f\u0445. \u0412\u043c\u0435\u0441\u0442\u0438\u0442\u0435\u043b\u044c\u043d\u0430\u044f, \u043d\u043e \u043f\u0440\u0438 \u044d\u0442\u043e\u043c \u043a\u043e\u043c\u043f\u0430\u043a\u0442\u043d\u0430\u044f, \u043e\u043d\u0430 \u043b\u0435\u0433\u043a\u043e \u043f\u043e\u043c\u0435\u0441\u0442\u0438\u0442 \u0432\u0441\u0451 \u0441\u0430\u043c\u043e\u0435 \u043d\u0443\u0436\u043d\u043e\u0435 \u0438 \u0431\u0443\u0434\u0435\u0442 \u0443\u0434\u043e\u0431\u043d\u0430 \u0432 \u043b\u044e\u0431\u044b\u0445 \u0441\u0438\u0442\u0443\u0430\u0446\u0438\u044f\u0445. \u0418\u0434\u0435\u0430\u043b\u044c\u043d\u044b\u0439 \u0432\u044b\u0431\u043e\u0440 \u0434\u043b\u044f \u0442\u0435\u0445, \u043a\u0442\u043e \u0446\u0435\u043d\u0438\u0442 \u043f\u043e\u0440\u044f\u0434\u043e\u043a, \u044d\u0441\u0442\u0435\u0442\u0438\u043a\u0443 \u0438 \u043f\u0440\u043e\u0434\u0443\u043c\u0430\u043d\u043d\u044b\u0435 \u0440\u0435\u0448\u0435\u043d\u0438\u044f \u0432 \u0443\u0445\u043e\u0434\u0435 \u0437\u0430 \u0441\u043e\u0431\u043e\u0439.<\/p>\n","protected":false},"featured_media":47346,"comment_status":"open","ping_status":"closed","template":"","meta":[],"product_brand":[911],"product_cat":[502,621,583],"product_tag":[],"class_list":{"0":"post-47489","1":"product","2":"type-product","3":"status-publish","4":"has-post-thumbnail","6":"product_brand-lalga","7":"product_cat-lalga-ru","8":"product_cat-tarvikud-ru","9":"product_cat-new","11":"first","12":"instock","13":"taxable","14":"shipping-taxable","15":"purchasable","16":"product-type-simple"},"bundled_by":[],"bundle_stock_status":"instock","bundle_stock_quantity":1,"bundle_virtual":false,"bundle_layout":"","bundle_add_to_cart_form_location":"","bundle_editable_in_cart":false,"bundle_sold_individually_context":"","bundle_item_grouping":"","bundle_min_size":"","bundle_max_size":"","bundle_price":[],"bundled_items":[],"bundle_sell_ids":[],"yoast_head":"<!-- This site is optimized with the Yoast SEO Premium plugin v27.3 (Yoast SEO v27.3) - https:\/\/yoast.com\/product\/yoast-seo-premium-wordpress\/ -->\n<title>\u041a\u043e\u0441\u043c\u0435\u0442\u0438\u0447\u043a\u0430 L&#039;Alga Deluxe &#8226; Ilusadjuuksed.ee<\/title>\n<meta name=\"description\" content=\"L&#039;ALGA \u0438\u043d\u043d\u043e\u0432\u0430\u0446\u0438\u043e\u043d\u043d\u044b\u0435 \u0441\u0440\u0435\u0434\u0441\u0442\u0432\u0430 \u043f\u043e \u0443\u0445\u043e\u0434\u0443 \u0437\u0430 \u043f\u043e\u0432\u0440\u0435\u0436\u0434\u0435\u043d\u043d\u044b\u043c\u0438, \u043e\u0431\u0440\u0430\u0431\u043e\u0442\u0430\u043d\u043d\u044b\u043c\u0438 \u0438 \u0441\u0443\u0445\u0438\u043c\u0438 \u0432\u043e\u043b\u043e\u0441\u0430\u043c\u0438. \u0411\u0435\u0440\u0435\u0433\u0438\u0442\u0435 \u0438 \u0437\u0430\u0449\u0438\u0449\u0430\u0439\u0442\u0435 \u0432\u043e\u043b\u043e\u0441\u044b \u043a\u0430\u0436\u0434\u044b\u0439 \u0434\u0435\u043d\u044c!\" \/>\n<meta name=\"robots\" content=\"index, follow, max-snippet:-1, max-image-preview:large, max-video-preview:-1\" \/>\n<link rel=\"canonical\" href=\"https:\/\/ilusadjuuksed.ee\/ru\/product\/kosmetichka-lalga-deluxe\/\" \/>\n<meta property=\"og:locale\" content=\"ru_RU\" \/>\n<meta property=\"og:type\" content=\"article\" \/>\n<meta property=\"og:title\" content=\"\u041a\u043e\u0441\u043c\u0435\u0442\u0438\u0447\u043a\u0430 L&#039;Alga Deluxe\" \/>\n<meta property=\"og:description\" content=\"Ilusadjuuksed.ee - tippklassi juuksehooldus \u00fchest kohast. L&#039;ALGA, BIACR\u00c8, REMILIA ja KT MILANO juuksehooldus otse maaletoojalt, p\u00fcsikliendile kuni -25% soodsamalt, 1-2 t\u00f6\u00f6p\u00e4evaga pakk k\u00e4es!\" \/>\n<meta property=\"og:url\" content=\"https:\/\/ilusadjuuksed.ee\/ru\/product\/kosmetichka-lalga-deluxe\/\" \/>\n<meta property=\"og:site_name\" content=\"Ilusadjuuksed.ee\" \/>\n<meta property=\"article:publisher\" content=\"https:\/\/www.facebook.com\/ilusadjuuksed.ee\" \/>\n<meta property=\"article:modified_time\" content=\"2025-08-27T09:08:45+00:00\" \/>\n<meta property=\"og:image\" content=\"https:\/\/ilusadjuuksed.ee\/wp-content\/uploads\/2025\/08\/lalga_deluxe_cosmetics_bag.jpeg\" \/>\n\t<meta property=\"og:image:width\" content=\"1512\" \/>\n\t<meta property=\"og:image:height\" content=\"1512\" \/>\n\t<meta property=\"og:image:type\" content=\"image\/jpeg\" \/>\n<meta name=\"twitter:card\" content=\"summary_large_image\" \/>\n<script type=\"application\/ld+json\" class=\"yoast-schema-graph\">{\"@context\":\"https:\\\/\\\/schema.org\",\"@graph\":[{\"@type\":[\"WebPage\",\"ItemPage\"],\"@id\":\"https:\\\/\\\/ilusadjuuksed.ee\\\/ru\\\/product\\\/kosmetichka-lalga-deluxe\\\/\",\"url\":\"https:\\\/\\\/ilusadjuuksed.ee\\\/ru\\\/product\\\/kosmetichka-lalga-deluxe\\\/\",\"name\":\"\u041a\u043e\u0441\u043c\u0435\u0442\u0438\u0447\u043a\u0430 L'Alga Deluxe &#8226; Ilusadjuuksed.ee\",\"isPartOf\":{\"@id\":\"https:\\\/\\\/ilusadjuuksed.ee\\\/ru\\\/#website\"},\"primaryImageOfPage\":{\"@id\":\"https:\\\/\\\/ilusadjuuksed.ee\\\/ru\\\/product\\\/kosmetichka-lalga-deluxe\\\/#primaryimage\"},\"image\":{\"@id\":\"https:\\\/\\\/ilusadjuuksed.ee\\\/ru\\\/product\\\/kosmetichka-lalga-deluxe\\\/#primaryimage\"},\"thumbnailUrl\":\"https:\\\/\\\/ilusadjuuksed.ee\\\/wp-content\\\/uploads\\\/2025\\\/08\\\/lalga_deluxe_cosmetics_bag.jpeg\",\"datePublished\":\"2025-08-25T14:21:24+00:00\",\"dateModified\":\"2025-08-27T09:08:45+00:00\",\"description\":\"L'ALGA \u0438\u043d\u043d\u043e\u0432\u0430\u0446\u0438\u043e\u043d\u043d\u044b\u0435 \u0441\u0440\u0435\u0434\u0441\u0442\u0432\u0430 \u043f\u043e \u0443\u0445\u043e\u0434\u0443 \u0437\u0430 \u043f\u043e\u0432\u0440\u0435\u0436\u0434\u0435\u043d\u043d\u044b\u043c\u0438, \u043e\u0431\u0440\u0430\u0431\u043e\u0442\u0430\u043d\u043d\u044b\u043c\u0438 \u0438 \u0441\u0443\u0445\u0438\u043c\u0438 \u0432\u043e\u043b\u043e\u0441\u0430\u043c\u0438. \u0411\u0435\u0440\u0435\u0433\u0438\u0442\u0435 \u0438 \u0437\u0430\u0449\u0438\u0449\u0430\u0439\u0442\u0435 \u0432\u043e\u043b\u043e\u0441\u044b \u043a\u0430\u0436\u0434\u044b\u0439 \u0434\u0435\u043d\u044c!\",\"breadcrumb\":{\"@id\":\"https:\\\/\\\/ilusadjuuksed.ee\\\/ru\\\/product\\\/kosmetichka-lalga-deluxe\\\/#breadcrumb\"},\"inLanguage\":\"ru-RU\",\"potentialAction\":[{\"@type\":\"ReadAction\",\"target\":[\"https:\\\/\\\/ilusadjuuksed.ee\\\/ru\\\/product\\\/kosmetichka-lalga-deluxe\\\/\"]}]},{\"@type\":\"ImageObject\",\"inLanguage\":\"ru-RU\",\"@id\":\"https:\\\/\\\/ilusadjuuksed.ee\\\/ru\\\/product\\\/kosmetichka-lalga-deluxe\\\/#primaryimage\",\"url\":\"https:\\\/\\\/ilusadjuuksed.ee\\\/wp-content\\\/uploads\\\/2025\\\/08\\\/lalga_deluxe_cosmetics_bag.jpeg\",\"contentUrl\":\"https:\\\/\\\/ilusadjuuksed.ee\\\/wp-content\\\/uploads\\\/2025\\\/08\\\/lalga_deluxe_cosmetics_bag.jpeg\",\"width\":1512,\"height\":1512,\"caption\":\"\u041a\u043e\u0441\u043c\u0435\u0442\u0438\u0447\u043a\u0430 L'Alga Deluxe\"},{\"@type\":\"BreadcrumbList\",\"@id\":\"https:\\\/\\\/ilusadjuuksed.ee\\\/ru\\\/product\\\/kosmetichka-lalga-deluxe\\\/#breadcrumb\",\"itemListElement\":[{\"@type\":\"ListItem\",\"position\":1,\"name\":\"\u0414\u043e\u043c\",\"item\":\"https:\\\/\\\/ilusadjuuksed.ee\\\/ru\\\/ilusadjuuksed-ee\\\/\"},{\"@type\":\"ListItem\",\"position\":2,\"name\":\"\u042d-\u041c\u0410\u0413\u0410\u0417\u0418\u041d\",\"item\":\"https:\\\/\\\/ilusadjuuksed.ee\\\/ru\\\/magazin\\\/\"},{\"@type\":\"ListItem\",\"position\":3,\"name\":\"\u0410\u041a\u0421\u0415\u0421\u0421\u0423\u0410\u0420\u042b\",\"item\":\"https:\\\/\\\/ilusadjuuksed.ee\\\/ru\\\/kategorii-produktov\\\/tarvikud-ru\\\/\"},{\"@type\":\"ListItem\",\"position\":4,\"name\":\"\u041a\u043e\u0441\u043c\u0435\u0442\u0438\u0447\u043a\u0430 L&#8217;Alga Deluxe\"}]},{\"@type\":\"WebSite\",\"@id\":\"https:\\\/\\\/ilusadjuuksed.ee\\\/ru\\\/#website\",\"url\":\"https:\\\/\\\/ilusadjuuksed.ee\\\/ru\\\/\",\"name\":\"Ilusadjuuksed.ee - tippklassi juuksehooldus \u00fchest kohast\",\"description\":\"ilusadjuuksed.ee \\\/ Tippklassi juuksehooldus &uuml;hest kohast\",\"publisher\":{\"@id\":\"https:\\\/\\\/ilusadjuuksed.ee\\\/ru\\\/#organization\"},\"potentialAction\":[{\"@type\":\"SearchAction\",\"target\":{\"@type\":\"EntryPoint\",\"urlTemplate\":\"https:\\\/\\\/ilusadjuuksed.ee\\\/ru\\\/?s={search_term_string}\"},\"query-input\":{\"@type\":\"PropertyValueSpecification\",\"valueRequired\":true,\"valueName\":\"search_term_string\"}}],\"inLanguage\":\"ru-RU\"},{\"@type\":\"Organization\",\"@id\":\"https:\\\/\\\/ilusadjuuksed.ee\\\/ru\\\/#organization\",\"name\":\"Ilusadjuuksed.ee\",\"url\":\"https:\\\/\\\/ilusadjuuksed.ee\\\/ru\\\/\",\"logo\":{\"@type\":\"ImageObject\",\"inLanguage\":\"ru-RU\",\"@id\":\"https:\\\/\\\/ilusadjuuksed.ee\\\/ru\\\/#\\\/schema\\\/logo\\\/image\\\/\",\"url\":\"https:\\\/\\\/ilusadjuuksed.ee\\\/wp-content\\\/uploads\\\/2022\\\/09\\\/IJ_200pc.png\",\"contentUrl\":\"https:\\\/\\\/ilusadjuuksed.ee\\\/wp-content\\\/uploads\\\/2022\\\/09\\\/IJ_200pc.png\",\"width\":200,\"height\":99,\"caption\":\"Ilusadjuuksed.ee\"},\"image\":{\"@id\":\"https:\\\/\\\/ilusadjuuksed.ee\\\/ru\\\/#\\\/schema\\\/logo\\\/image\\\/\"},\"sameAs\":[\"https:\\\/\\\/www.facebook.com\\\/ilusadjuuksed.ee\",\"https:\\\/\\\/www.instagram.com\\\/ilusadjuuksed\\\/\"],\"email\":\"info@ilusadjuuksed.ee\",\"telephone\":\"+3725142235\",\"legalName\":\"Norsten O\u00dc\",\"vatID\":\"EE102340024\"}]}<\/script>\n<!-- \/ Yoast SEO Premium plugin. -->","yoast_head_json":{"title":"\u041a\u043e\u0441\u043c\u0435\u0442\u0438\u0447\u043a\u0430 L'Alga Deluxe &#8226; Ilusadjuuksed.ee","description":"L'ALGA \u0438\u043d\u043d\u043e\u0432\u0430\u0446\u0438\u043e\u043d\u043d\u044b\u0435 \u0441\u0440\u0435\u0434\u0441\u0442\u0432\u0430 \u043f\u043e \u0443\u0445\u043e\u0434\u0443 \u0437\u0430 \u043f\u043e\u0432\u0440\u0435\u0436\u0434\u0435\u043d\u043d\u044b\u043c\u0438, \u043e\u0431\u0440\u0430\u0431\u043e\u0442\u0430\u043d\u043d\u044b\u043c\u0438 \u0438 \u0441\u0443\u0445\u0438\u043c\u0438 \u0432\u043e\u043b\u043e\u0441\u0430\u043c\u0438. \u0411\u0435\u0440\u0435\u0433\u0438\u0442\u0435 \u0438 \u0437\u0430\u0449\u0438\u0449\u0430\u0439\u0442\u0435 \u0432\u043e\u043b\u043e\u0441\u044b \u043a\u0430\u0436\u0434\u044b\u0439 \u0434\u0435\u043d\u044c!","robots":{"index":"index","follow":"follow","max-snippet":"max-snippet:-1","max-image-preview":"max-image-preview:large","max-video-preview":"max-video-preview:-1"},"canonical":"https:\/\/ilusadjuuksed.ee\/ru\/product\/kosmetichka-lalga-deluxe\/","og_locale":"ru_RU","og_type":"article","og_title":"\u041a\u043e\u0441\u043c\u0435\u0442\u0438\u0447\u043a\u0430 L'Alga Deluxe","og_description":"Ilusadjuuksed.ee - tippklassi juuksehooldus \u00fchest kohast. L'ALGA, BIACR\u00c8, REMILIA ja KT MILANO juuksehooldus otse maaletoojalt, p\u00fcsikliendile kuni -25% soodsamalt, 1-2 t\u00f6\u00f6p\u00e4evaga pakk k\u00e4es!","og_url":"https:\/\/ilusadjuuksed.ee\/ru\/product\/kosmetichka-lalga-deluxe\/","og_site_name":"Ilusadjuuksed.ee","article_publisher":"https:\/\/www.facebook.com\/ilusadjuuksed.ee","article_modified_time":"2025-08-27T09:08:45+00:00","og_image":[{"width":1512,"height":1512,"url":"https:\/\/ilusadjuuksed.ee\/wp-content\/uploads\/2025\/08\/lalga_deluxe_cosmetics_bag.jpeg","type":"image\/jpeg"}],"twitter_card":"summary_large_image","schema":{"@context":"https:\/\/schema.org","@graph":[{"@type":["WebPage","ItemPage"],"@id":"https:\/\/ilusadjuuksed.ee\/ru\/product\/kosmetichka-lalga-deluxe\/","url":"https:\/\/ilusadjuuksed.ee\/ru\/product\/kosmetichka-lalga-deluxe\/","name":"\u041a\u043e\u0441\u043c\u0435\u0442\u0438\u0447\u043a\u0430 L'Alga Deluxe &#8226; Ilusadjuuksed.ee","isPartOf":{"@id":"https:\/\/ilusadjuuksed.ee\/ru\/#website"},"primaryImageOfPage":{"@id":"https:\/\/ilusadjuuksed.ee\/ru\/product\/kosmetichka-lalga-deluxe\/#primaryimage"},"image":{"@id":"https:\/\/ilusadjuuksed.ee\/ru\/product\/kosmetichka-lalga-deluxe\/#primaryimage"},"thumbnailUrl":"https:\/\/ilusadjuuksed.ee\/wp-content\/uploads\/2025\/08\/lalga_deluxe_cosmetics_bag.jpeg","datePublished":"2025-08-25T14:21:24+00:00","dateModified":"2025-08-27T09:08:45+00:00","description":"L'ALGA \u0438\u043d\u043d\u043e\u0432\u0430\u0446\u0438\u043e\u043d\u043d\u044b\u0435 \u0441\u0440\u0435\u0434\u0441\u0442\u0432\u0430 \u043f\u043e \u0443\u0445\u043e\u0434\u0443 \u0437\u0430 \u043f\u043e\u0432\u0440\u0435\u0436\u0434\u0435\u043d\u043d\u044b\u043c\u0438, \u043e\u0431\u0440\u0430\u0431\u043e\u0442\u0430\u043d\u043d\u044b\u043c\u0438 \u0438 \u0441\u0443\u0445\u0438\u043c\u0438 \u0432\u043e\u043b\u043e\u0441\u0430\u043c\u0438. \u0411\u0435\u0440\u0435\u0433\u0438\u0442\u0435 \u0438 \u0437\u0430\u0449\u0438\u0449\u0430\u0439\u0442\u0435 \u0432\u043e\u043b\u043e\u0441\u044b \u043a\u0430\u0436\u0434\u044b\u0439 \u0434\u0435\u043d\u044c!","breadcrumb":{"@id":"https:\/\/ilusadjuuksed.ee\/ru\/product\/kosmetichka-lalga-deluxe\/#breadcrumb"},"inLanguage":"ru-RU","potentialAction":[{"@type":"ReadAction","target":["https:\/\/ilusadjuuksed.ee\/ru\/product\/kosmetichka-lalga-deluxe\/"]}]},{"@type":"ImageObject","inLanguage":"ru-RU","@id":"https:\/\/ilusadjuuksed.ee\/ru\/product\/kosmetichka-lalga-deluxe\/#primaryimage","url":"https:\/\/ilusadjuuksed.ee\/wp-content\/uploads\/2025\/08\/lalga_deluxe_cosmetics_bag.jpeg","contentUrl":"https:\/\/ilusadjuuksed.ee\/wp-content\/uploads\/2025\/08\/lalga_deluxe_cosmetics_bag.jpeg","width":1512,"height":1512,"caption":"\u041a\u043e\u0441\u043c\u0435\u0442\u0438\u0447\u043a\u0430 L'Alga Deluxe"},{"@type":"BreadcrumbList","@id":"https:\/\/ilusadjuuksed.ee\/ru\/product\/kosmetichka-lalga-deluxe\/#breadcrumb","itemListElement":[{"@type":"ListItem","position":1,"name":"\u0414\u043e\u043c","item":"https:\/\/ilusadjuuksed.ee\/ru\/ilusadjuuksed-ee\/"},{"@type":"ListItem","position":2,"name":"\u042d-\u041c\u0410\u0413\u0410\u0417\u0418\u041d","item":"https:\/\/ilusadjuuksed.ee\/ru\/magazin\/"},{"@type":"ListItem","position":3,"name":"\u0410\u041a\u0421\u0415\u0421\u0421\u0423\u0410\u0420\u042b","item":"https:\/\/ilusadjuuksed.ee\/ru\/kategorii-produktov\/tarvikud-ru\/"},{"@type":"ListItem","position":4,"name":"\u041a\u043e\u0441\u043c\u0435\u0442\u0438\u0447\u043a\u0430 L&#8217;Alga Deluxe"}]},{"@type":"WebSite","@id":"https:\/\/ilusadjuuksed.ee\/ru\/#website","url":"https:\/\/ilusadjuuksed.ee\/ru\/","name":"Ilusadjuuksed.ee - tippklassi juuksehooldus \u00fchest kohast","description":"ilusadjuuksed.ee \/ Tippklassi juuksehooldus &uuml;hest kohast","publisher":{"@id":"https:\/\/ilusadjuuksed.ee\/ru\/#organization"},"potentialAction":[{"@type":"SearchAction","target":{"@type":"EntryPoint","urlTemplate":"https:\/\/ilusadjuuksed.ee\/ru\/?s={search_term_string}"},"query-input":{"@type":"PropertyValueSpecification","valueRequired":true,"valueName":"search_term_string"}}],"inLanguage":"ru-RU"},{"@type":"Organization","@id":"https:\/\/ilusadjuuksed.ee\/ru\/#organization","name":"Ilusadjuuksed.ee","url":"https:\/\/ilusadjuuksed.ee\/ru\/","logo":{"@type":"ImageObject","inLanguage":"ru-RU","@id":"https:\/\/ilusadjuuksed.ee\/ru\/#\/schema\/logo\/image\/","url":"https:\/\/ilusadjuuksed.ee\/wp-content\/uploads\/2022\/09\/IJ_200pc.png","contentUrl":"https:\/\/ilusadjuuksed.ee\/wp-content\/uploads\/2022\/09\/IJ_200pc.png","width":200,"height":99,"caption":"Ilusadjuuksed.ee"},"image":{"@id":"https:\/\/ilusadjuuksed.ee\/ru\/#\/schema\/logo\/image\/"},"sameAs":["https:\/\/www.facebook.com\/ilusadjuuksed.ee","https:\/\/www.instagram.com\/ilusadjuuksed\/"],"email":"info@ilusadjuuksed.ee","telephone":"+3725142235","legalName":"Norsten O\u00dc","vatID":"EE102340024"}]}},"_links":{"self":[{"href":"https:\/\/ilusadjuuksed.ee\/ru\/wp-json\/wp\/v2\/product\/47489","targetHints":{"allow":["GET"]}}],"collection":[{"href":"https:\/\/ilusadjuuksed.ee\/ru\/wp-json\/wp\/v2\/product"}],"about":[{"href":"https:\/\/ilusadjuuksed.ee\/ru\/wp-json\/wp\/v2\/types\/product"}],"replies":[{"embeddable":true,"href":"https:\/\/ilusadjuuksed.ee\/ru\/wp-json\/wp\/v2\/comments?post=47489"}],"version-history":[{"count":0,"href":"https:\/\/ilusadjuuksed.ee\/ru\/wp-json\/wp\/v2\/product\/47489\/revisions"}],"wp:featuredmedia":[{"embeddable":true,"href":"https:\/\/ilusadjuuksed.ee\/ru\/wp-json\/wp\/v2\/media\/47346"}],"wp:attachment":[{"href":"https:\/\/ilusadjuuksed.ee\/ru\/wp-json\/wp\/v2\/media?parent=47489"}],"wp:term":[{"taxonomy":"product_brand","embeddable":true,"href":"https:\/\/ilusadjuuksed.ee\/ru\/wp-json\/wp\/v2\/product_brand?post=47489"},{"taxonomy":"product_cat","embeddable":true,"href":"https:\/\/ilusadjuuksed.ee\/ru\/wp-json\/wp\/v2\/product_cat?post=47489"},{"taxonomy":"product_tag","embeddable":true,"href":"https:\/\/ilusadjuuksed.ee\/ru\/wp-json\/wp\/v2\/product_tag?post=47489"}],"curies":[{"name":"wp","href":"https:\/\/api.w.org\/{rel}","templated":true}]}}