{"id":39449,"date":"2024-12-12T10:22:40","date_gmt":"2024-12-12T08:22:40","guid":{"rendered":"https:\/\/ilusadjuuksed.ee\/?post_type=product&#038;p=39449"},"modified":"2025-09-18T14:08:58","modified_gmt":"2025-09-18T11:08:58","slug":"remilia-green-goddess-kondiczioner","status":"publish","type":"product","link":"https:\/\/ilusadjuuksed.ee\/ru\/product\/remilia-green-goddess-kondiczioner\/","title":{"rendered":"Remilia Green Goddess \u041a\u043e\u043d\u0434\u0438\u0446\u0438\u043e\u043d\u0435\u0440"},"content":{"rendered":"<p><strong>\u0418\u0441\u043f\u043e\u043b\u044c\u0437\u043e\u0432\u0430\u043d\u0438\u0435:<\/strong><\/p>\n<ul>\n<li>\u041f\u043e\u0441\u043b\u0435 \u043e\u0447\u0438\u0449\u0435\u043d\u0438\u044f \u043a\u043e\u0436\u0438 \u0433\u043e\u043b\u043e\u0432\u044b <a href=\"https:\/\/ilusadjuuksed.ee\/ru\/product\/remilia-green-goddess-shampun\/\">\u0448\u0430\u043c\u043f\u0443\u043d\u0435\u043c Green Goddess<\/a> \u043d\u0430\u043d\u0435\u0441\u0438\u0442\u0435 \u043d\u0435\u0431\u043e\u043b\u044c\u0448\u043e\u0435 \u043a\u043e\u043b\u0438\u0447\u0435\u0441\u0442\u0432\u043e \u043a\u043e\u043d\u0434\u0438\u0446\u0438\u043e\u043d\u0435\u0440\u0430 \u043d\u0430 \u0432\u043b\u0430\u0436\u043d\u044b\u0435 \u0432\u043e\u043b\u043e\u0441\u044b, \u043d\u0430\u0447\u0438\u043d\u0430\u044f \u0441 \u0441\u0435\u0440\u0435\u0434\u0438\u043d\u044b \u0438 \u0434\u043e \u043a\u043e\u043d\u0447\u0438\u043a\u043e\u0432.<\/li>\n<li>\u041e\u0441\u0442\u0430\u0432\u044c\u0442\u0435 \u043a\u043e\u043d\u0434\u0438\u0446\u0438\u043e\u043d\u0435\u0440 \u043d\u0430 \u0432\u043e\u043b\u043e\u0441\u0430\u0445 \u043d\u0430 2\u20133 \u043c\u0438\u043d\u0443\u0442\u044b, \u0437\u0430\u0442\u0435\u043c \u0441\u043c\u043e\u0439\u0442\u0435 \u0442\u0435\u043f\u043b\u043e\u0439 \u0432\u043e\u0434\u043e\u0439.<\/li>\n<\/ul>\n<p><strong>\u041e\u0421\u041d\u041e\u0412\u041d\u042b\u0415 \u0418\u041d\u0413\u0420\u0415\u0414\u0418\u0415\u041d\u0422\u042b<\/strong><\/p>\n<ul>\n<li><strong>\u041c\u0430\u0441\u043b\u043e \u0440\u043e\u0437\u043c\u0430\u0440\u0438\u043d\u0430<\/strong>: \u043d\u0430\u0442\u0443\u0440\u0430\u043b\u044c\u043d\u043e\u0435 \u044d\u0444\u0438\u0440\u043d\u043e\u0435 \u043c\u0430\u0441\u043b\u043e, \u043a\u043e\u0442\u043e\u0440\u043e\u0435 \u0441\u0442\u0438\u043c\u0443\u043b\u0438\u0440\u0443\u0435\u0442 \u0440\u043e\u0441\u0442 \u0432\u043e\u043b\u043e\u0441, \u043f\u043e\u043c\u043e\u0433\u0430\u0435\u0442 \u043f\u0440\u0435\u0434\u043e\u0442\u0432\u0440\u0430\u0442\u0438\u0442\u044c \u043f\u0440\u0435\u0436\u0434\u0435\u0432\u0440\u0435\u043c\u0435\u043d\u043d\u043e\u0435 \u043f\u043e\u0441\u0435\u0434\u0435\u043d\u0438\u0435 \u0438 \u0443\u043c\u0435\u043d\u044c\u0448\u0430\u0435\u0442 \u043f\u043e\u044f\u0432\u043b\u0435\u043d\u0438\u0435 \u043f\u0435\u0440\u0445\u043e\u0442\u0438. \u041a\u0440\u043e\u043c\u0435 \u0442\u043e\u0433\u043e, \u043e\u043d \u0441\u043d\u0438\u043c\u0430\u0435\u0442 \u0441\u0443\u0445\u043e\u0441\u0442\u044c \u0438 \u0437\u0443\u0434 \u043a\u043e\u0436\u0438 \u0433\u043e\u043b\u043e\u0432\u044b.<\/li>\n<li><strong>\u041c\u0430\u0441\u043b\u043e \u0430\u0432\u043e\u043a\u0430\u0434\u043e<\/strong>: \u0443\u0441\u0438\u043b\u0438\u0432\u0430\u0435\u0442 \u0431\u043b\u0435\u0441\u043a \u0432\u043e\u043b\u043e\u0441 \u0438 \u043f\u043e\u0432\u044b\u0448\u0430\u0435\u0442 \u044d\u043b\u0430\u0441\u0442\u0438\u0447\u043d\u043e\u0441\u0442\u044c, \u0434\u0435\u043b\u0430\u044f \u0432\u043e\u043b\u043e\u0441\u044b \u0437\u0434\u043e\u0440\u043e\u0432\u044b\u043c\u0438, \u0432\u043e\u0441\u0441\u0442\u0430\u043d\u043e\u0432\u043b\u0435\u043d\u043d\u044b\u043c\u0438 \u0438 \u0432\u044b\u0433\u043b\u044f\u0434\u044f\u0442 \u0431\u043e\u043b\u0435\u0435 \u0441\u0432\u0435\u0436\u0438\u043c\u0438.<\/li>\n<li><strong>\u042d\u043a\u0441\u0442\u0440\u0430\u043a\u0442 \u0437\u0435\u043b\u0435\u043d\u043e\u0433\u043e \u0447\u0430\u044f<\/strong>: \u043f\u043e\u0434\u0434\u0435\u0440\u0436\u0438\u0432\u0430\u0435\u0442 \u0437\u0434\u043e\u0440\u043e\u0432\u044b\u0439 \u0440\u043e\u0441\u0442 \u0432\u043e\u043b\u043e\u0441, \u0443\u0441\u043f\u043e\u043a\u0430\u0438\u0432\u0430\u0435\u0442 \u0432\u043e\u0441\u043f\u0430\u043b\u0435\u043d\u0438\u044f \u0438 \u043f\u0440\u0438\u0434\u0430\u0435\u0442 \u0432\u043e\u043b\u043e\u0441\u0430\u043c \u0433\u043b\u0430\u0434\u043a\u043e\u0441\u0442\u044c \u0438 \u0431\u043b\u0435\u0441\u043a.<\/li>\n<li><strong>\u041a\u043e\u043a\u043e\u0441\u043e\u0432\u043e\u0435 \u043c\u0430\u0441\u043b\u043e<\/strong>: \u043f\u0438\u0442\u0430\u0435\u0442 \u0438 \u0432\u043e\u0441\u0441\u0442\u0430\u043d\u0430\u0432\u043b\u0438\u0432\u0430\u0435\u0442 \u043f\u043e\u0432\u0440\u0435\u0436\u0434\u0435\u043d\u043d\u044b\u0435 \u0432\u043e\u043b\u043e\u0441\u044b, \u043e\u0431\u0435\u0441\u043f\u0435\u0447\u0438\u0432\u0430\u044f \u043c\u044f\u0433\u043a\u043e\u0441\u0442\u044c, \u0443\u0432\u043b\u0430\u0436\u043d\u0435\u043d\u0438\u0435 \u0438 \u0443\u043a\u0440\u0435\u043f\u043b\u0435\u043d\u0438\u0435 \u043b\u043e\u043c\u043a\u0438\u0445 \u0438 \u0441\u0443\u0445\u0438\u0445 \u0432\u043e\u043b\u043e\u0441.<\/li>\n<\/ul>\n","protected":false},"excerpt":{"rendered":"<div class=\"ewa-rteLine\">\u042d\u0442\u043e\u0442 \u043d\u0430\u0441\u044b\u0449\u0435\u043d\u043d\u044b\u0439 \u0438 \u0433\u043b\u0443\u0431\u043e\u043a\u043e \u0443\u0432\u043b\u0430\u0436\u043d\u044f\u044e\u0449\u0438\u0439 \u043a\u043e\u043d\u0434\u0438\u0446\u0438\u043e\u043d\u0435\u0440 \u0434\u043b\u044f \u0432\u043e\u043b\u043e\u0441 \u0442\u0432\u043e\u0440\u0438\u0442 \u0447\u0443\u0434\u0435\u0441\u0430 \u0441 \u0432\u0430\u0448\u0438\u043c\u0438 \u0432\u043e\u043b\u043e\u0441\u0430\u043c\u0438, <strong>\u043f\u0440\u0438\u0434\u0430\u0432\u0430\u044f \u0438\u043c \u0431\u043b\u0435\u0441\u043a, \u043e\u0431\u044a\u0435\u043c \u0438 \u0434\u0435\u043b\u0430\u044f \u0438\u0445 \u0433\u043b\u0430\u0434\u043a\u0438\u043c\u0438 \u0438 \u0448\u0435\u043b\u043a\u043e\u0432\u0438\u0441\u0442\u044b\u043c\u0438<\/strong>.<br \/>\n\u041b\u0435\u0433\u043a\u0430\u044f \u0438 \u0440\u0430\u0437\u0433\u043b\u0430\u0436\u0438\u0432\u0430\u044e\u0449\u0430\u044f \u0444\u043e\u0440\u043c\u0443\u043b\u0430 \u0441\u043e\u0434\u0435\u0440\u0436\u0438\u0442 \u043c\u0430\u0441\u043b\u043e \u0440\u043e\u0437\u043c\u0430\u0440\u0438\u043d\u0430, \u043a\u043e\u043a\u043e\u0441\u043e\u0432\u043e\u0435 \u043c\u0430\u0441\u043b\u043e \u0438 \u043c\u0430\u0441\u043b\u043e \u0430\u0432\u043e\u043a\u0430\u0434\u043e, \u043a\u043e\u0442\u043e\u0440\u044b\u0435 \u0434\u0435\u043b\u0430\u044e\u0442 \u0432\u043e\u043b\u043e\u0441\u044b \u0431\u043b\u0435\u0441\u0442\u044f\u0449\u0438\u043c\u0438, \u043f\u0443\u0448\u0438\u0441\u0442\u044b\u043c\u0438 \u0438 \u0448\u0435\u043b\u043a\u043e\u0432\u0438\u0441\u0442\u044b\u043c\u0438.<\/div>\n<ul>\n<li class=\"ewa-rteLine\"><strong>\u0413\u043b\u0443\u0431\u043e\u043a\u043e\u0435 \u0443\u0432\u043b\u0430\u0436\u043d\u0435\u043d\u0438\u0435:<\/strong> \u0447\u0438\u0441\u0442\u043e\u0435 \u043c\u0430\u0441\u043b\u043e \u0440\u043e\u0437\u043c\u0430\u0440\u0438\u043d\u0430 \u043f\u0438\u0442\u0430\u0435\u0442 \u0438 \u0443\u043a\u0440\u0435\u043f\u043b\u044f\u0435\u0442 \u043a\u0430\u0436\u0434\u0443\u044e \u043f\u0440\u044f\u0434\u044c \u0432\u043e\u043b\u043e\u0441, \u043e\u0434\u043d\u043e\u0432\u0440\u0435\u043c\u0435\u043d\u043d\u043e \u0434\u043e\u0431\u0430\u0432\u043b\u044f\u044f \u043e\u0431\u044a\u0451\u043c<\/li>\n<li class=\"ewa-rteLine\">\u041c\u0430\u0441\u043b\u0430 \u043a\u043e\u043a\u043e\u0441\u0430, \u043e\u043b\u0438\u0432\u044b \u0438 \u0430\u0432\u043e\u043a\u0430\u0434\u043e \u043f\u0440\u0438\u0434\u0430\u044e\u0442 \u0432\u043e\u043b\u043e\u0441\u0430\u043c <strong>\u0432\u0435\u043b\u0438\u043a\u043e\u043b\u0435\u043f\u043d\u044b\u0439 \u0431\u043b\u0435\u0441\u043a \u0438 \u0433\u043b\u0430\u0434\u043a\u043e\u0441\u0442\u044c<\/strong><\/li>\n<li class=\"ewa-rteLine\">\u041f\u043e\u0434\u0445\u043e\u0434\u0438\u0442 \u0434\u043b\u044f \u0432\u0441\u0435\u0445 \u0442\u0438\u043f\u043e\u0432 \u0432\u043e\u043b\u043e\u0441, \u0432 \u0442.\u0447. \u0434\u043b\u044f \u0445\u0438\u043c\u0438\u0447\u0435\u0441\u043a\u0438 \u043e\u0431\u0440\u0430\u0431\u043e\u0442\u0430\u043d\u043d\u044b\u0445 \u0438 \u043e\u043a\u0440\u0430\u0448\u0435\u043d\u043d\u044b\u0445 \u0432\u043e\u043b\u043e\u0441<\/li>\n<li>100% \u0432\u0435\u0433\u0430\u043d\u0441\u043a\u0438\u0439 \u043f\u0440\u043e\u0434\u0443\u043a\u0442<\/li>\n<li>\u0440\u041d: 3,5 &#8211; 4,5<\/li>\n<\/ul>\n<div class=\"ewa-rteLine\"><strong>\u041d\u0435 \u0441\u043e\u0434\u0435\u0440\u0436\u0438\u0442:<\/strong> \u0441\u0443\u043b\u044c\u0444\u0430\u0442\u043e\u0432, \u043f\u0430\u0440\u0430\u0431\u0435\u043d\u043e\u0432.<br \/>\n<strong>\u0420\u0430\u0437\u043c\u0435\u0440:<\/strong> 300 \u043c\u043b.<\/div>\n","protected":false},"featured_media":52185,"comment_status":"open","ping_status":"closed","template":"","meta":[],"product_brand":[],"product_cat":[652,950,504,949,952,944,945,942,953,654],"product_tag":[369,163],"class_list":{"0":"post-39449","1":"product","2":"type-product","3":"status-publish","4":"has-post-thumbnail","6":"product_cat-remilia-ru","7":"product_cat-gustye-volosy","8":"product_cat-palsamid-ru","9":"product_cat-normalnye-volosy","10":"product_cat-okrashennye-volosy","11":"product_cat-povrezhdennye-volosy","12":"product_cat-kahused-juuksed-ru","13":"product_cat-suhie-volosy","14":"product_cat-tonkie-volosy","15":"product_cat-ilulemmikud-ru","16":"product_tag-razglazhivayushhij","17":"product_tag-uvlazhnyayushhij","19":"first","20":"instock","21":"taxable","22":"shipping-taxable","23":"purchasable","24":"product-type-simple"},"bundled_by":[],"bundle_stock_status":"instock","bundle_stock_quantity":null,"bundle_virtual":false,"bundle_layout":"","bundle_add_to_cart_form_location":"","bundle_editable_in_cart":false,"bundle_sold_individually_context":"","bundle_item_grouping":"","bundle_min_size":"","bundle_max_size":"","bundle_price":[],"bundled_items":[],"bundle_sell_ids":[],"yoast_head":"<!-- This site is optimized with the Yoast SEO Premium plugin v27.3 (Yoast SEO v27.3) - https:\/\/yoast.com\/product\/yoast-seo-premium-wordpress\/ -->\n<title>Remilia Green Goddess \u041a\u043e\u043d\u0434\u0438\u0446\u0438\u043e\u043d\u0435\u0440 &#8226; Ilusadjuuksed.ee<\/title>\n<meta name=\"description\" content=\"\u042d\u0442\u0430 \u0431\u043e\u0433\u0430\u0442\u0430\u044f \u0441\u043c\u0435\u0441\u044c \u043a\u043e\u043a\u043e\u0441\u043e\u0432\u043e\u0433\u043e \u043c\u0430\u0441\u043b\u0430, \u043c\u0430\u0441\u043b\u0430 \u0430\u0432\u043e\u043a\u0430\u0434\u043e \u0438 \u043c\u0430\u0441\u043b\u0430 \u0440\u043e\u0437\u043c\u0430\u0440\u0438\u043d\u0430 \u0441\u043e\u0442\u0432\u043e\u0440\u0438\u0442 \u0447\u0443\u0434\u0435\u0441\u0430 \u0441 \u0432\u0430\u0448\u0438\u043c\u0438 \u0432\u043e\u043b\u043e\u0441\u0430\u043c\u0438, \u0434\u043e\u0431\u0430\u0432\u0438\u0432 \u0438\u043c \u0431\u043b\u0435\u0441\u043a\u0430, \u043e\u0431\u044a\u0435\u043c\u0430 \u0438 \u0441\u0434\u0435\u043b\u0430\u0432 \u0438\u0445 \u0448\u0435\u043b\u043a\u043e\u0432\u0438\u0441\u0442\u044b\u043c\u0438 \u0438 \u0433\u043b\u0430\u0434\u043a\u0438\u043c\u0438.\" \/>\n<meta name=\"robots\" content=\"index, follow, max-snippet:-1, max-image-preview:large, max-video-preview:-1\" \/>\n<link rel=\"canonical\" href=\"https:\/\/ilusadjuuksed.ee\/ru\/product\/remilia-green-goddess-kondiczioner\/\" \/>\n<meta property=\"og:locale\" content=\"ru_RU\" \/>\n<meta property=\"og:type\" content=\"article\" \/>\n<meta property=\"og:title\" content=\"Remilia Green Goddess \u041a\u043e\u043d\u0434\u0438\u0446\u0438\u043e\u043d\u0435\u0440\" \/>\n<meta property=\"og:description\" content=\"Ilusadjuuksed.ee - tippklassi juuksehooldus \u00fchest kohast. L&#039;ALGA, BIACR\u00c8, REMILIA ja KT MILANO juuksehooldus otse maaletoojalt, p\u00fcsikliendile kuni -25% soodsamalt, 1-2 t\u00f6\u00f6p\u00e4evaga pakk k\u00e4es!\" \/>\n<meta property=\"og:url\" content=\"https:\/\/ilusadjuuksed.ee\/ru\/product\/remilia-green-goddess-kondiczioner\/\" \/>\n<meta property=\"og:site_name\" content=\"Ilusadjuuksed.ee\" \/>\n<meta property=\"article:publisher\" content=\"https:\/\/www.facebook.com\/ilusadjuuksed.ee\" \/>\n<meta property=\"article:modified_time\" content=\"2025-09-18T11:08:58+00:00\" \/>\n<meta property=\"og:image\" content=\"https:\/\/ilusadjuuksed.ee\/wp-content\/uploads\/2024\/12\/Green-Goddess-Conditioner_198168704738.jpg\" \/>\n\t<meta property=\"og:image:width\" content=\"1500\" \/>\n\t<meta property=\"og:image:height\" content=\"1500\" \/>\n\t<meta property=\"og:image:type\" content=\"image\/jpeg\" \/>\n<meta name=\"twitter:card\" content=\"summary_large_image\" \/>\n<script type=\"application\/ld+json\" class=\"yoast-schema-graph\">{\"@context\":\"https:\\\/\\\/schema.org\",\"@graph\":[{\"@type\":[\"WebPage\",\"ItemPage\"],\"@id\":\"https:\\\/\\\/ilusadjuuksed.ee\\\/ru\\\/product\\\/remilia-green-goddess-kondiczioner\\\/\",\"url\":\"https:\\\/\\\/ilusadjuuksed.ee\\\/ru\\\/product\\\/remilia-green-goddess-kondiczioner\\\/\",\"name\":\"Remilia Green Goddess \u041a\u043e\u043d\u0434\u0438\u0446\u0438\u043e\u043d\u0435\u0440 &#8226; Ilusadjuuksed.ee\",\"isPartOf\":{\"@id\":\"https:\\\/\\\/ilusadjuuksed.ee\\\/ru\\\/#website\"},\"primaryImageOfPage\":{\"@id\":\"https:\\\/\\\/ilusadjuuksed.ee\\\/ru\\\/product\\\/remilia-green-goddess-kondiczioner\\\/#primaryimage\"},\"image\":{\"@id\":\"https:\\\/\\\/ilusadjuuksed.ee\\\/ru\\\/product\\\/remilia-green-goddess-kondiczioner\\\/#primaryimage\"},\"thumbnailUrl\":\"https:\\\/\\\/ilusadjuuksed.ee\\\/wp-content\\\/uploads\\\/2024\\\/12\\\/green-goddess-conditioner_198168704738_as2026.jpg\",\"datePublished\":\"2024-12-12T08:22:40+00:00\",\"dateModified\":\"2025-09-18T11:08:58+00:00\",\"description\":\"\u042d\u0442\u0430 \u0431\u043e\u0433\u0430\u0442\u0430\u044f \u0441\u043c\u0435\u0441\u044c \u043a\u043e\u043a\u043e\u0441\u043e\u0432\u043e\u0433\u043e \u043c\u0430\u0441\u043b\u0430, \u043c\u0430\u0441\u043b\u0430 \u0430\u0432\u043e\u043a\u0430\u0434\u043e \u0438 \u043c\u0430\u0441\u043b\u0430 \u0440\u043e\u0437\u043c\u0430\u0440\u0438\u043d\u0430 \u0441\u043e\u0442\u0432\u043e\u0440\u0438\u0442 \u0447\u0443\u0434\u0435\u0441\u0430 \u0441 \u0432\u0430\u0448\u0438\u043c\u0438 \u0432\u043e\u043b\u043e\u0441\u0430\u043c\u0438, \u0434\u043e\u0431\u0430\u0432\u0438\u0432 \u0438\u043c \u0431\u043b\u0435\u0441\u043a\u0430, \u043e\u0431\u044a\u0435\u043c\u0430 \u0438 \u0441\u0434\u0435\u043b\u0430\u0432 \u0438\u0445 \u0448\u0435\u043b\u043a\u043e\u0432\u0438\u0441\u0442\u044b\u043c\u0438 \u0438 \u0433\u043b\u0430\u0434\u043a\u0438\u043c\u0438.\",\"breadcrumb\":{\"@id\":\"https:\\\/\\\/ilusadjuuksed.ee\\\/ru\\\/product\\\/remilia-green-goddess-kondiczioner\\\/#breadcrumb\"},\"inLanguage\":\"ru-RU\",\"potentialAction\":[{\"@type\":\"ReadAction\",\"target\":[\"https:\\\/\\\/ilusadjuuksed.ee\\\/ru\\\/product\\\/remilia-green-goddess-kondiczioner\\\/\"]}]},{\"@type\":\"ImageObject\",\"inLanguage\":\"ru-RU\",\"@id\":\"https:\\\/\\\/ilusadjuuksed.ee\\\/ru\\\/product\\\/remilia-green-goddess-kondiczioner\\\/#primaryimage\",\"url\":\"https:\\\/\\\/ilusadjuuksed.ee\\\/wp-content\\\/uploads\\\/2024\\\/12\\\/green-goddess-conditioner_198168704738_as2026.jpg\",\"contentUrl\":\"https:\\\/\\\/ilusadjuuksed.ee\\\/wp-content\\\/uploads\\\/2024\\\/12\\\/green-goddess-conditioner_198168704738_as2026.jpg\",\"width\":1100,\"height\":1100,\"caption\":\"Kerge ja siluva koostisega niisutav juuksepalsam on rikastatud rosmariini\u00f5li, kookos\u00f5li ja rohelise tee ekstraktiga, mis tagavad s\u00e4ravad, kohevamad ja siidpehmed juuksed.\"},{\"@type\":\"BreadcrumbList\",\"@id\":\"https:\\\/\\\/ilusadjuuksed.ee\\\/ru\\\/product\\\/remilia-green-goddess-kondiczioner\\\/#breadcrumb\",\"itemListElement\":[{\"@type\":\"ListItem\",\"position\":1,\"name\":\"\u0414\u043e\u043c\",\"item\":\"https:\\\/\\\/ilusadjuuksed.ee\\\/ru\\\/ilusadjuuksed-ee\\\/\"},{\"@type\":\"ListItem\",\"position\":2,\"name\":\"\u042d-\u041c\u0410\u0413\u0410\u0417\u0418\u041d\",\"item\":\"https:\\\/\\\/ilusadjuuksed.ee\\\/ru\\\/magazin\\\/\"},{\"@type\":\"ListItem\",\"position\":3,\"name\":\"\u041a\u041e\u041d\u0414\u0418\u0426\u0418\u041e\u041d\u0415\u0420\u042b\",\"item\":\"https:\\\/\\\/ilusadjuuksed.ee\\\/ru\\\/kategorii-produktov\\\/palsamid-ru\\\/\"},{\"@type\":\"ListItem\",\"position\":4,\"name\":\"Remilia Green Goddess \u041a\u043e\u043d\u0434\u0438\u0446\u0438\u043e\u043d\u0435\u0440\"}]},{\"@type\":\"WebSite\",\"@id\":\"https:\\\/\\\/ilusadjuuksed.ee\\\/ru\\\/#website\",\"url\":\"https:\\\/\\\/ilusadjuuksed.ee\\\/ru\\\/\",\"name\":\"Ilusadjuuksed.ee - tippklassi juuksehooldus \u00fchest kohast\",\"description\":\"ilusadjuuksed.ee \\\/ Tippklassi juuksehooldus &uuml;hest kohast\",\"publisher\":{\"@id\":\"https:\\\/\\\/ilusadjuuksed.ee\\\/ru\\\/#organization\"},\"potentialAction\":[{\"@type\":\"SearchAction\",\"target\":{\"@type\":\"EntryPoint\",\"urlTemplate\":\"https:\\\/\\\/ilusadjuuksed.ee\\\/ru\\\/?s={search_term_string}\"},\"query-input\":{\"@type\":\"PropertyValueSpecification\",\"valueRequired\":true,\"valueName\":\"search_term_string\"}}],\"inLanguage\":\"ru-RU\"},{\"@type\":\"Organization\",\"@id\":\"https:\\\/\\\/ilusadjuuksed.ee\\\/ru\\\/#organization\",\"name\":\"Ilusadjuuksed.ee\",\"url\":\"https:\\\/\\\/ilusadjuuksed.ee\\\/ru\\\/\",\"logo\":{\"@type\":\"ImageObject\",\"inLanguage\":\"ru-RU\",\"@id\":\"https:\\\/\\\/ilusadjuuksed.ee\\\/ru\\\/#\\\/schema\\\/logo\\\/image\\\/\",\"url\":\"https:\\\/\\\/ilusadjuuksed.ee\\\/wp-content\\\/uploads\\\/2022\\\/09\\\/IJ_200pc.png\",\"contentUrl\":\"https:\\\/\\\/ilusadjuuksed.ee\\\/wp-content\\\/uploads\\\/2022\\\/09\\\/IJ_200pc.png\",\"width\":200,\"height\":99,\"caption\":\"Ilusadjuuksed.ee\"},\"image\":{\"@id\":\"https:\\\/\\\/ilusadjuuksed.ee\\\/ru\\\/#\\\/schema\\\/logo\\\/image\\\/\"},\"sameAs\":[\"https:\\\/\\\/www.facebook.com\\\/ilusadjuuksed.ee\",\"https:\\\/\\\/www.instagram.com\\\/ilusadjuuksed\\\/\"],\"email\":\"info@ilusadjuuksed.ee\",\"telephone\":\"+3725142235\",\"legalName\":\"Norsten O\u00dc\",\"vatID\":\"EE102340024\"}]}<\/script>\n<!-- \/ Yoast SEO Premium plugin. -->","yoast_head_json":{"title":"Remilia Green Goddess \u041a\u043e\u043d\u0434\u0438\u0446\u0438\u043e\u043d\u0435\u0440 &#8226; Ilusadjuuksed.ee","description":"\u042d\u0442\u0430 \u0431\u043e\u0433\u0430\u0442\u0430\u044f \u0441\u043c\u0435\u0441\u044c \u043a\u043e\u043a\u043e\u0441\u043e\u0432\u043e\u0433\u043e \u043c\u0430\u0441\u043b\u0430, \u043c\u0430\u0441\u043b\u0430 \u0430\u0432\u043e\u043a\u0430\u0434\u043e \u0438 \u043c\u0430\u0441\u043b\u0430 \u0440\u043e\u0437\u043c\u0430\u0440\u0438\u043d\u0430 \u0441\u043e\u0442\u0432\u043e\u0440\u0438\u0442 \u0447\u0443\u0434\u0435\u0441\u0430 \u0441 \u0432\u0430\u0448\u0438\u043c\u0438 \u0432\u043e\u043b\u043e\u0441\u0430\u043c\u0438, \u0434\u043e\u0431\u0430\u0432\u0438\u0432 \u0438\u043c \u0431\u043b\u0435\u0441\u043a\u0430, \u043e\u0431\u044a\u0435\u043c\u0430 \u0438 \u0441\u0434\u0435\u043b\u0430\u0432 \u0438\u0445 \u0448\u0435\u043b\u043a\u043e\u0432\u0438\u0441\u0442\u044b\u043c\u0438 \u0438 \u0433\u043b\u0430\u0434\u043a\u0438\u043c\u0438.","robots":{"index":"index","follow":"follow","max-snippet":"max-snippet:-1","max-image-preview":"max-image-preview:large","max-video-preview":"max-video-preview:-1"},"canonical":"https:\/\/ilusadjuuksed.ee\/ru\/product\/remilia-green-goddess-kondiczioner\/","og_locale":"ru_RU","og_type":"article","og_title":"Remilia Green Goddess \u041a\u043e\u043d\u0434\u0438\u0446\u0438\u043e\u043d\u0435\u0440","og_description":"Ilusadjuuksed.ee - tippklassi juuksehooldus \u00fchest kohast. L'ALGA, BIACR\u00c8, REMILIA ja KT MILANO juuksehooldus otse maaletoojalt, p\u00fcsikliendile kuni -25% soodsamalt, 1-2 t\u00f6\u00f6p\u00e4evaga pakk k\u00e4es!","og_url":"https:\/\/ilusadjuuksed.ee\/ru\/product\/remilia-green-goddess-kondiczioner\/","og_site_name":"Ilusadjuuksed.ee","article_publisher":"https:\/\/www.facebook.com\/ilusadjuuksed.ee","article_modified_time":"2025-09-18T11:08:58+00:00","og_image":[{"width":1500,"height":1500,"url":"https:\/\/ilusadjuuksed.ee\/wp-content\/uploads\/2024\/12\/Green-Goddess-Conditioner_198168704738.jpg","type":"image\/jpeg"}],"twitter_card":"summary_large_image","schema":{"@context":"https:\/\/schema.org","@graph":[{"@type":["WebPage","ItemPage"],"@id":"https:\/\/ilusadjuuksed.ee\/ru\/product\/remilia-green-goddess-kondiczioner\/","url":"https:\/\/ilusadjuuksed.ee\/ru\/product\/remilia-green-goddess-kondiczioner\/","name":"Remilia Green Goddess \u041a\u043e\u043d\u0434\u0438\u0446\u0438\u043e\u043d\u0435\u0440 &#8226; Ilusadjuuksed.ee","isPartOf":{"@id":"https:\/\/ilusadjuuksed.ee\/ru\/#website"},"primaryImageOfPage":{"@id":"https:\/\/ilusadjuuksed.ee\/ru\/product\/remilia-green-goddess-kondiczioner\/#primaryimage"},"image":{"@id":"https:\/\/ilusadjuuksed.ee\/ru\/product\/remilia-green-goddess-kondiczioner\/#primaryimage"},"thumbnailUrl":"https:\/\/ilusadjuuksed.ee\/wp-content\/uploads\/2024\/12\/green-goddess-conditioner_198168704738_as2026.jpg","datePublished":"2024-12-12T08:22:40+00:00","dateModified":"2025-09-18T11:08:58+00:00","description":"\u042d\u0442\u0430 \u0431\u043e\u0433\u0430\u0442\u0430\u044f \u0441\u043c\u0435\u0441\u044c \u043a\u043e\u043a\u043e\u0441\u043e\u0432\u043e\u0433\u043e \u043c\u0430\u0441\u043b\u0430, \u043c\u0430\u0441\u043b\u0430 \u0430\u0432\u043e\u043a\u0430\u0434\u043e \u0438 \u043c\u0430\u0441\u043b\u0430 \u0440\u043e\u0437\u043c\u0430\u0440\u0438\u043d\u0430 \u0441\u043e\u0442\u0432\u043e\u0440\u0438\u0442 \u0447\u0443\u0434\u0435\u0441\u0430 \u0441 \u0432\u0430\u0448\u0438\u043c\u0438 \u0432\u043e\u043b\u043e\u0441\u0430\u043c\u0438, \u0434\u043e\u0431\u0430\u0432\u0438\u0432 \u0438\u043c \u0431\u043b\u0435\u0441\u043a\u0430, \u043e\u0431\u044a\u0435\u043c\u0430 \u0438 \u0441\u0434\u0435\u043b\u0430\u0432 \u0438\u0445 \u0448\u0435\u043b\u043a\u043e\u0432\u0438\u0441\u0442\u044b\u043c\u0438 \u0438 \u0433\u043b\u0430\u0434\u043a\u0438\u043c\u0438.","breadcrumb":{"@id":"https:\/\/ilusadjuuksed.ee\/ru\/product\/remilia-green-goddess-kondiczioner\/#breadcrumb"},"inLanguage":"ru-RU","potentialAction":[{"@type":"ReadAction","target":["https:\/\/ilusadjuuksed.ee\/ru\/product\/remilia-green-goddess-kondiczioner\/"]}]},{"@type":"ImageObject","inLanguage":"ru-RU","@id":"https:\/\/ilusadjuuksed.ee\/ru\/product\/remilia-green-goddess-kondiczioner\/#primaryimage","url":"https:\/\/ilusadjuuksed.ee\/wp-content\/uploads\/2024\/12\/green-goddess-conditioner_198168704738_as2026.jpg","contentUrl":"https:\/\/ilusadjuuksed.ee\/wp-content\/uploads\/2024\/12\/green-goddess-conditioner_198168704738_as2026.jpg","width":1100,"height":1100,"caption":"Kerge ja siluva koostisega niisutav juuksepalsam on rikastatud rosmariini\u00f5li, kookos\u00f5li ja rohelise tee ekstraktiga, mis tagavad s\u00e4ravad, kohevamad ja siidpehmed juuksed."},{"@type":"BreadcrumbList","@id":"https:\/\/ilusadjuuksed.ee\/ru\/product\/remilia-green-goddess-kondiczioner\/#breadcrumb","itemListElement":[{"@type":"ListItem","position":1,"name":"\u0414\u043e\u043c","item":"https:\/\/ilusadjuuksed.ee\/ru\/ilusadjuuksed-ee\/"},{"@type":"ListItem","position":2,"name":"\u042d-\u041c\u0410\u0413\u0410\u0417\u0418\u041d","item":"https:\/\/ilusadjuuksed.ee\/ru\/magazin\/"},{"@type":"ListItem","position":3,"name":"\u041a\u041e\u041d\u0414\u0418\u0426\u0418\u041e\u041d\u0415\u0420\u042b","item":"https:\/\/ilusadjuuksed.ee\/ru\/kategorii-produktov\/palsamid-ru\/"},{"@type":"ListItem","position":4,"name":"Remilia Green Goddess \u041a\u043e\u043d\u0434\u0438\u0446\u0438\u043e\u043d\u0435\u0440"}]},{"@type":"WebSite","@id":"https:\/\/ilusadjuuksed.ee\/ru\/#website","url":"https:\/\/ilusadjuuksed.ee\/ru\/","name":"Ilusadjuuksed.ee - tippklassi juuksehooldus \u00fchest kohast","description":"ilusadjuuksed.ee \/ Tippklassi juuksehooldus &uuml;hest kohast","publisher":{"@id":"https:\/\/ilusadjuuksed.ee\/ru\/#organization"},"potentialAction":[{"@type":"SearchAction","target":{"@type":"EntryPoint","urlTemplate":"https:\/\/ilusadjuuksed.ee\/ru\/?s={search_term_string}"},"query-input":{"@type":"PropertyValueSpecification","valueRequired":true,"valueName":"search_term_string"}}],"inLanguage":"ru-RU"},{"@type":"Organization","@id":"https:\/\/ilusadjuuksed.ee\/ru\/#organization","name":"Ilusadjuuksed.ee","url":"https:\/\/ilusadjuuksed.ee\/ru\/","logo":{"@type":"ImageObject","inLanguage":"ru-RU","@id":"https:\/\/ilusadjuuksed.ee\/ru\/#\/schema\/logo\/image\/","url":"https:\/\/ilusadjuuksed.ee\/wp-content\/uploads\/2022\/09\/IJ_200pc.png","contentUrl":"https:\/\/ilusadjuuksed.ee\/wp-content\/uploads\/2022\/09\/IJ_200pc.png","width":200,"height":99,"caption":"Ilusadjuuksed.ee"},"image":{"@id":"https:\/\/ilusadjuuksed.ee\/ru\/#\/schema\/logo\/image\/"},"sameAs":["https:\/\/www.facebook.com\/ilusadjuuksed.ee","https:\/\/www.instagram.com\/ilusadjuuksed\/"],"email":"info@ilusadjuuksed.ee","telephone":"+3725142235","legalName":"Norsten O\u00dc","vatID":"EE102340024"}]}},"_links":{"self":[{"href":"https:\/\/ilusadjuuksed.ee\/ru\/wp-json\/wp\/v2\/product\/39449","targetHints":{"allow":["GET"]}}],"collection":[{"href":"https:\/\/ilusadjuuksed.ee\/ru\/wp-json\/wp\/v2\/product"}],"about":[{"href":"https:\/\/ilusadjuuksed.ee\/ru\/wp-json\/wp\/v2\/types\/product"}],"replies":[{"embeddable":true,"href":"https:\/\/ilusadjuuksed.ee\/ru\/wp-json\/wp\/v2\/comments?post=39449"}],"version-history":[{"count":0,"href":"https:\/\/ilusadjuuksed.ee\/ru\/wp-json\/wp\/v2\/product\/39449\/revisions"}],"wp:featuredmedia":[{"embeddable":true,"href":"https:\/\/ilusadjuuksed.ee\/ru\/wp-json\/wp\/v2\/media\/52185"}],"wp:attachment":[{"href":"https:\/\/ilusadjuuksed.ee\/ru\/wp-json\/wp\/v2\/media?parent=39449"}],"wp:term":[{"taxonomy":"product_brand","embeddable":true,"href":"https:\/\/ilusadjuuksed.ee\/ru\/wp-json\/wp\/v2\/product_brand?post=39449"},{"taxonomy":"product_cat","embeddable":true,"href":"https:\/\/ilusadjuuksed.ee\/ru\/wp-json\/wp\/v2\/product_cat?post=39449"},{"taxonomy":"product_tag","embeddable":true,"href":"https:\/\/ilusadjuuksed.ee\/ru\/wp-json\/wp\/v2\/product_tag?post=39449"}],"curies":[{"name":"wp","href":"https:\/\/api.w.org\/{rel}","templated":true}]}}