{"id":47228,"date":"2025-08-24T15:54:54","date_gmt":"2025-08-24T12:54:54","guid":{"rendered":"https:\/\/ilusadjuuksed.ee\/?page_id=47228"},"modified":"2025-08-24T15:54:57","modified_gmt":"2025-08-24T12:54:57","slug":"404-2","status":"publish","type":"page","link":"https:\/\/ilusadjuuksed.ee\/ru\/404-2\/","title":{"rendered":"404"},"content":{"rendered":"\t\t<div data-elementor-type=\"wp-page\" data-elementor-id=\"47228\" class=\"elementor elementor-47228 elementor-47222\" data-elementor-post-type=\"page\">\n\t\t\t\t\t\t<section class=\"elementor-section elementor-top-section elementor-element elementor-element-58e74121 elementor-section-full_width elementor-section-height-min-height elementor-section-items-stretch elementor-section-height-default\" data-id=\"58e74121\" data-element_type=\"section\" data-e-type=\"section\">\n\t\t\t\t\t\t<div class=\"elementor-container elementor-column-gap-default\">\n\t\t\t\t\t<div class=\"elementor-column elementor-col-50 elementor-top-column elementor-element elementor-element-2f5f4625\" data-id=\"2f5f4625\" data-element_type=\"column\" data-e-type=\"column\" data-settings=\"{&quot;background_background&quot;:&quot;classic&quot;}\">\n\t\t\t<div class=\"elementor-widget-wrap elementor-element-populated\">\n\t\t\t\t\t\t<div class=\"elementor-element elementor-element-4987a62a elementor-widget elementor-widget-spacer\" data-id=\"4987a62a\" data-element_type=\"widget\" data-e-type=\"widget\" data-widget_type=\"spacer.default\">\n\t\t\t\t<div class=\"elementor-widget-container\">\n\t\t\t\t\t\t\t<div class=\"elementor-spacer\">\n\t\t\t<div class=\"elementor-spacer-inner\"><\/div>\n\t\t<\/div>\n\t\t\t\t\t\t<\/div>\n\t\t\t\t<\/div>\n\t\t\t\t\t<\/div>\n\t\t<\/div>\n\t\t\t\t<div class=\"elementor-column elementor-col-50 elementor-top-column elementor-element elementor-element-6951a633\" data-id=\"6951a633\" data-element_type=\"column\" data-e-type=\"column\">\n\t\t\t<div class=\"elementor-widget-wrap elementor-element-populated\">\n\t\t\t\t\t\t<div class=\"elementor-element elementor-element-4ac5ff44 elementor-widget-divider--view-line_text elementor-widget-divider--element-align-right elementor-widget elementor-widget-divider\" data-id=\"4ac5ff44\" data-element_type=\"widget\" data-e-type=\"widget\" data-widget_type=\"divider.default\">\n\t\t\t\t<div class=\"elementor-widget-container\">\n\t\t\t\t\t\t\t<div class=\"elementor-divider\">\n\t\t\t<span class=\"elementor-divider-separator\">\n\t\t\t\t\t\t\t<span class=\"elementor-divider__text elementor-divider__element\">\n\t\t\t\t404\t\t\t\t<\/span>\n\t\t\t\t\t\t<\/span>\n\t\t<\/div>\n\t\t\t\t\t\t<\/div>\n\t\t\t\t<\/div>\n\t\t\t\t<div class=\"elementor-element elementor-element-7e2ed3bd elementor-widget elementor-widget-heading\" data-id=\"7e2ed3bd\" data-element_type=\"widget\" data-e-type=\"widget\" data-widget_type=\"heading.default\">\n\t\t\t\t<div class=\"elementor-widget-container\">\n\t\t\t\t\t<h2 class=\"elementor-heading-title elementor-size-default\">Oops! \u0421\u0442\u0440\u0430\u043d\u0438\u0446\u0443, \u043a\u043e\u0442\u043e\u0440\u0443\u044e \u0432\u044b \u0438\u0441\u043a\u0430\u043b\u0438, \u043d\u0435 \u043d\u0430\u0439\u0434\u0435\u043d\u0430 ...<\/h2>\t\t\t\t<\/div>\n\t\t\t\t<\/div>\n\t\t\t\t<div class=\"elementor-element elementor-element-704d35 elementor-widget elementor-widget-text-editor\" data-id=\"704d35\" data-element_type=\"widget\" data-e-type=\"widget\" data-widget_type=\"text-editor.default\">\n\t\t\t\t<div class=\"elementor-widget-container\">\n\t\t\t\t\t\t\t\t\t<p>\u0418\u0437\u0432\u0438\u043d\u0438\u0442\u0435!<br>\u041f\u043e\u0436\u0430\u043b\u0443\u0439\u0441\u0442\u0430, \u043f\u043e\u043f\u0440\u043e\u0431\u0443\u0439\u0442\u0435 \u0435\u0449\u0435 \u0440\u0430\u0437 \u0438\u043b\u0438 \u0432\u0435\u0440\u043d\u0438\u0442\u0435\u0441\u044c <a href=\"https:\/\/ilusadjuuksed.ee\/ru\/\">\u043d\u0430 \u0434\u043e\u043c\u0430\u0448\u043d\u044e\u044e \u0441\u0442\u0440\u0430\u043d\u0438\u0446\u0443<\/a>.<\/p>\t\t\t\t\t\t\t\t<\/div>\n\t\t\t\t<\/div>\n\t\t\t\t<div class=\"elementor-element elementor-element-4a920939 elementor-search-form--button-type-text elementor-search-form--skin-classic elementor-widget elementor-widget-search-form\" data-id=\"4a920939\" data-element_type=\"widget\" data-e-type=\"widget\" data-settings=\"{&quot;skin&quot;:&quot;classic&quot;}\" data-widget_type=\"search-form.default\">\n\t\t\t\t<div class=\"elementor-widget-container\">\n\t\t\t\t\t\t\t<search role=\"search\">\n\t\t\t<form class=\"elementor-search-form\" action=\"https:\/\/ilusadjuuksed.ee\/ru\/\" method=\"get\">\n\t\t\t\t\t\t\t\t\t\t\t\t<div class=\"elementor-search-form__container\">\n\t\t\t\t\t<label class=\"elementor-screen-only\" for=\"elementor-search-form-4a920939\">\u041f\u043e\u0438\u0441\u043a<\/label>\n\n\t\t\t\t\t\n\t\t\t\t\t<input id=\"elementor-search-form-4a920939\" placeholder=\"\u0418\u0441\u043a\u0430\u0439\u0442\u0435 \u043d\u0430 \u0441\u0430\u0439\u0442\u0435 ...\" class=\"elementor-search-form__input\" type=\"search\" name=\"s\" value=\"\">\n\t\t\t\t\t<input type='hidden' name='lang' value='ru' \/>\n\t\t\t\t\t\t\t\t\t\t\t<button class=\"elementor-search-form__submit\" type=\"submit\" aria-label=\"\u041f\u043e\u0438\u0441\u043a\">\n\t\t\t\t\t\t\t\t\t\t\t\t\t\t\tGO\t\t\t\t\t\t\t\t\t\t\t\t\t<\/button>\n\t\t\t\t\t\n\t\t\t\t\t\t\t\t\t<\/div>\n\t\t\t<\/form>\n\t\t<\/search>\n\t\t\t\t\t\t<\/div>\n\t\t\t\t<\/div>\n\t\t\t\t\t<\/div>\n\t\t<\/div>\n\t\t\t\t\t<\/div>\n\t\t<\/section>\n\t\t\t\t<\/div>\n\t\t","protected":false},"excerpt":{"rendered":"<p>404 Oops! \u0421\u0442\u0440\u0430\u043d\u0438\u0446\u0443, \u043a\u043e\u0442\u043e\u0440\u0443\u044e \u0432\u044b \u0438\u0441\u043a\u0430\u043b\u0438, \u043d\u0435 \u043d\u0430\u0439\u0434\u0435\u043d\u0430 &#8230; \u0418\u0437\u0432\u0438\u043d\u0438\u0442\u0435!\u041f\u043e\u0436\u0430\u043b\u0443\u0439\u0441\u0442\u0430, \u043f\u043e\u043f\u0440\u043e\u0431\u0443\u0439\u0442\u0435 \u0435\u0449\u0435 \u0440\u0430\u0437 \u0438\u043b\u0438 \u0432\u0435\u0440\u043d\u0438\u0442\u0435\u0441\u044c \u043d\u0430 \u0434\u043e\u043c\u0430\u0448\u043d\u044e\u044e \u0441\u0442\u0440\u0430\u043d\u0438\u0446\u0443.<\/p>\n","protected":false},"author":1,"featured_media":0,"parent":0,"menu_order":0,"comment_status":"closed","ping_status":"closed","template":"","meta":{"footnotes":""},"class_list":["post-47228","page","type-page","status-publish","hentry"],"yoast_head":"<!-- This site is optimized with the Yoast SEO Premium plugin v27.3 (Yoast SEO v27.3) - https:\/\/yoast.com\/product\/yoast-seo-premium-wordpress\/ -->\n<title>404 &#8226; Ilusadjuuksed.ee<\/title>\n<meta name=\"description\" content=\"L&#039;ALGA \u0438\u043d\u043d\u043e\u0432\u0430\u0446\u0438\u043e\u043d\u043d\u044b\u0435 \u0441\u0440\u0435\u0434\u0441\u0442\u0432\u0430 \u043f\u043e \u0443\u0445\u043e\u0434\u0443 \u0437\u0430 \u043f\u043e\u0432\u0440\u0435\u0436\u0434\u0435\u043d\u043d\u044b\u043c\u0438, \u043e\u0431\u0440\u0430\u0431\u043e\u0442\u0430\u043d\u043d\u044b\u043c\u0438 \u0438 \u0441\u0443\u0445\u0438\u043c\u0438 \u0432\u043e\u043b\u043e\u0441\u0430\u043c\u0438. \u0411\u0435\u0440\u0435\u0433\u0438\u0442\u0435 \u0438 \u0437\u0430\u0449\u0438\u0449\u0430\u0439\u0442\u0435 \u0432\u043e\u043b\u043e\u0441\u044b \u043a\u0430\u0436\u0434\u044b\u0439 \u0434\u0435\u043d\u044c!\" \/>\n<meta name=\"robots\" content=\"index, follow, max-snippet:-1, max-image-preview:large, max-video-preview:-1\" \/>\n<link rel=\"canonical\" href=\"https:\/\/ilusadjuuksed.ee\/ru\/404-2\/\" \/>\n<meta property=\"og:locale\" content=\"ru_RU\" \/>\n<meta property=\"og:type\" content=\"article\" \/>\n<meta property=\"og:title\" content=\"404\" \/>\n<meta property=\"og:description\" content=\"Ilusadjuuksed.ee - tippklassi juuksehooldus \u00fchest kohast. L&#039;ALGA, BIACR\u00c8, REMILIA ja KT MILANO juuksehooldus otse maaletoojalt, p\u00fcsikliendile kuni -25% soodsamalt, 1-2 t\u00f6\u00f6p\u00e4evaga pakk k\u00e4es!\" \/>\n<meta property=\"og:url\" content=\"https:\/\/ilusadjuuksed.ee\/ru\/404-2\/\" \/>\n<meta property=\"og:site_name\" content=\"Ilusadjuuksed.ee\" \/>\n<meta property=\"article:publisher\" content=\"https:\/\/www.facebook.com\/ilusadjuuksed.ee\" \/>\n<meta property=\"article:modified_time\" content=\"2025-08-24T12:54:57+00:00\" \/>\n<meta property=\"og:image\" content=\"https:\/\/ilusadjuuksed.ee\/wp-content\/uploads\/2022\/09\/Ilusadjuuksed_vertical.jpg\" \/>\n\t<meta property=\"og:image:width\" content=\"2000\" \/>\n\t<meta property=\"og:image:height\" content=\"991\" \/>\n\t<meta property=\"og:image:type\" content=\"image\/jpeg\" \/>\n<meta name=\"twitter:card\" content=\"summary_large_image\" \/>\n<script type=\"application\/ld+json\" class=\"yoast-schema-graph\">{\"@context\":\"https:\\\/\\\/schema.org\",\"@graph\":[{\"@type\":\"WebPage\",\"@id\":\"https:\\\/\\\/ilusadjuuksed.ee\\\/ru\\\/404-2\\\/\",\"url\":\"https:\\\/\\\/ilusadjuuksed.ee\\\/ru\\\/404-2\\\/\",\"name\":\"404 &#8226; Ilusadjuuksed.ee\",\"isPartOf\":{\"@id\":\"https:\\\/\\\/ilusadjuuksed.ee\\\/ru\\\/#website\"},\"datePublished\":\"2025-08-24T12:54:54+00:00\",\"dateModified\":\"2025-08-24T12:54:57+00:00\",\"description\":\"L'ALGA \u0438\u043d\u043d\u043e\u0432\u0430\u0446\u0438\u043e\u043d\u043d\u044b\u0435 \u0441\u0440\u0435\u0434\u0441\u0442\u0432\u0430 \u043f\u043e \u0443\u0445\u043e\u0434\u0443 \u0437\u0430 \u043f\u043e\u0432\u0440\u0435\u0436\u0434\u0435\u043d\u043d\u044b\u043c\u0438, \u043e\u0431\u0440\u0430\u0431\u043e\u0442\u0430\u043d\u043d\u044b\u043c\u0438 \u0438 \u0441\u0443\u0445\u0438\u043c\u0438 \u0432\u043e\u043b\u043e\u0441\u0430\u043c\u0438. \u0411\u0435\u0440\u0435\u0433\u0438\u0442\u0435 \u0438 \u0437\u0430\u0449\u0438\u0449\u0430\u0439\u0442\u0435 \u0432\u043e\u043b\u043e\u0441\u044b \u043a\u0430\u0436\u0434\u044b\u0439 \u0434\u0435\u043d\u044c!\",\"breadcrumb\":{\"@id\":\"https:\\\/\\\/ilusadjuuksed.ee\\\/ru\\\/404-2\\\/#breadcrumb\"},\"inLanguage\":\"ru-RU\",\"potentialAction\":[{\"@type\":\"ReadAction\",\"target\":[\"https:\\\/\\\/ilusadjuuksed.ee\\\/ru\\\/404-2\\\/\"]}]},{\"@type\":\"BreadcrumbList\",\"@id\":\"https:\\\/\\\/ilusadjuuksed.ee\\\/ru\\\/404-2\\\/#breadcrumb\",\"itemListElement\":[{\"@type\":\"ListItem\",\"position\":1,\"name\":\"\u0414\u043e\u043c\",\"item\":\"https:\\\/\\\/ilusadjuuksed.ee\\\/ru\\\/ilusadjuuksed-ee\\\/\"},{\"@type\":\"ListItem\",\"position\":2,\"name\":\"404\"}]},{\"@type\":\"WebSite\",\"@id\":\"https:\\\/\\\/ilusadjuuksed.ee\\\/ru\\\/#website\",\"url\":\"https:\\\/\\\/ilusadjuuksed.ee\\\/ru\\\/\",\"name\":\"Ilusadjuuksed.ee - tippklassi juuksehooldus \u00fchest kohast\",\"description\":\"ilusadjuuksed.ee \\\/ Tippklassi juuksehooldus &uuml;hest kohast\",\"publisher\":{\"@id\":\"https:\\\/\\\/ilusadjuuksed.ee\\\/ru\\\/#organization\"},\"potentialAction\":[{\"@type\":\"SearchAction\",\"target\":{\"@type\":\"EntryPoint\",\"urlTemplate\":\"https:\\\/\\\/ilusadjuuksed.ee\\\/ru\\\/?s={search_term_string}\"},\"query-input\":{\"@type\":\"PropertyValueSpecification\",\"valueRequired\":true,\"valueName\":\"search_term_string\"}}],\"inLanguage\":\"ru-RU\"},{\"@type\":\"Organization\",\"@id\":\"https:\\\/\\\/ilusadjuuksed.ee\\\/ru\\\/#organization\",\"name\":\"Ilusadjuuksed.ee\",\"url\":\"https:\\\/\\\/ilusadjuuksed.ee\\\/ru\\\/\",\"logo\":{\"@type\":\"ImageObject\",\"inLanguage\":\"ru-RU\",\"@id\":\"https:\\\/\\\/ilusadjuuksed.ee\\\/ru\\\/#\\\/schema\\\/logo\\\/image\\\/\",\"url\":\"https:\\\/\\\/ilusadjuuksed.ee\\\/wp-content\\\/uploads\\\/2022\\\/09\\\/IJ_200pc.png\",\"contentUrl\":\"https:\\\/\\\/ilusadjuuksed.ee\\\/wp-content\\\/uploads\\\/2022\\\/09\\\/IJ_200pc.png\",\"width\":200,\"height\":99,\"caption\":\"Ilusadjuuksed.ee\"},\"image\":{\"@id\":\"https:\\\/\\\/ilusadjuuksed.ee\\\/ru\\\/#\\\/schema\\\/logo\\\/image\\\/\"},\"sameAs\":[\"https:\\\/\\\/www.facebook.com\\\/ilusadjuuksed.ee\",\"https:\\\/\\\/www.instagram.com\\\/ilusadjuuksed\\\/\"],\"email\":\"info@ilusadjuuksed.ee\",\"telephone\":\"+3725142235\",\"legalName\":\"Norsten O\u00dc\",\"vatID\":\"EE102340024\"}]}<\/script>\n<!-- \/ Yoast SEO Premium plugin. -->","yoast_head_json":{"title":"404 &#8226; Ilusadjuuksed.ee","description":"L'ALGA \u0438\u043d\u043d\u043e\u0432\u0430\u0446\u0438\u043e\u043d\u043d\u044b\u0435 \u0441\u0440\u0435\u0434\u0441\u0442\u0432\u0430 \u043f\u043e \u0443\u0445\u043e\u0434\u0443 \u0437\u0430 \u043f\u043e\u0432\u0440\u0435\u0436\u0434\u0435\u043d\u043d\u044b\u043c\u0438, \u043e\u0431\u0440\u0430\u0431\u043e\u0442\u0430\u043d\u043d\u044b\u043c\u0438 \u0438 \u0441\u0443\u0445\u0438\u043c\u0438 \u0432\u043e\u043b\u043e\u0441\u0430\u043c\u0438. \u0411\u0435\u0440\u0435\u0433\u0438\u0442\u0435 \u0438 \u0437\u0430\u0449\u0438\u0449\u0430\u0439\u0442\u0435 \u0432\u043e\u043b\u043e\u0441\u044b \u043a\u0430\u0436\u0434\u044b\u0439 \u0434\u0435\u043d\u044c!","robots":{"index":"index","follow":"follow","max-snippet":"max-snippet:-1","max-image-preview":"max-image-preview:large","max-video-preview":"max-video-preview:-1"},"canonical":"https:\/\/ilusadjuuksed.ee\/ru\/404-2\/","og_locale":"ru_RU","og_type":"article","og_title":"404","og_description":"Ilusadjuuksed.ee - tippklassi juuksehooldus \u00fchest kohast. L'ALGA, BIACR\u00c8, REMILIA ja KT MILANO juuksehooldus otse maaletoojalt, p\u00fcsikliendile kuni -25% soodsamalt, 1-2 t\u00f6\u00f6p\u00e4evaga pakk k\u00e4es!","og_url":"https:\/\/ilusadjuuksed.ee\/ru\/404-2\/","og_site_name":"Ilusadjuuksed.ee","article_publisher":"https:\/\/www.facebook.com\/ilusadjuuksed.ee","article_modified_time":"2025-08-24T12:54:57+00:00","og_image":[{"width":2000,"height":991,"url":"https:\/\/ilusadjuuksed.ee\/wp-content\/uploads\/2022\/09\/Ilusadjuuksed_vertical.jpg","type":"image\/jpeg"}],"twitter_card":"summary_large_image","schema":{"@context":"https:\/\/schema.org","@graph":[{"@type":"WebPage","@id":"https:\/\/ilusadjuuksed.ee\/ru\/404-2\/","url":"https:\/\/ilusadjuuksed.ee\/ru\/404-2\/","name":"404 &#8226; Ilusadjuuksed.ee","isPartOf":{"@id":"https:\/\/ilusadjuuksed.ee\/ru\/#website"},"datePublished":"2025-08-24T12:54:54+00:00","dateModified":"2025-08-24T12:54:57+00:00","description":"L'ALGA \u0438\u043d\u043d\u043e\u0432\u0430\u0446\u0438\u043e\u043d\u043d\u044b\u0435 \u0441\u0440\u0435\u0434\u0441\u0442\u0432\u0430 \u043f\u043e \u0443\u0445\u043e\u0434\u0443 \u0437\u0430 \u043f\u043e\u0432\u0440\u0435\u0436\u0434\u0435\u043d\u043d\u044b\u043c\u0438, \u043e\u0431\u0440\u0430\u0431\u043e\u0442\u0430\u043d\u043d\u044b\u043c\u0438 \u0438 \u0441\u0443\u0445\u0438\u043c\u0438 \u0432\u043e\u043b\u043e\u0441\u0430\u043c\u0438. \u0411\u0435\u0440\u0435\u0433\u0438\u0442\u0435 \u0438 \u0437\u0430\u0449\u0438\u0449\u0430\u0439\u0442\u0435 \u0432\u043e\u043b\u043e\u0441\u044b \u043a\u0430\u0436\u0434\u044b\u0439 \u0434\u0435\u043d\u044c!","breadcrumb":{"@id":"https:\/\/ilusadjuuksed.ee\/ru\/404-2\/#breadcrumb"},"inLanguage":"ru-RU","potentialAction":[{"@type":"ReadAction","target":["https:\/\/ilusadjuuksed.ee\/ru\/404-2\/"]}]},{"@type":"BreadcrumbList","@id":"https:\/\/ilusadjuuksed.ee\/ru\/404-2\/#breadcrumb","itemListElement":[{"@type":"ListItem","position":1,"name":"\u0414\u043e\u043c","item":"https:\/\/ilusadjuuksed.ee\/ru\/ilusadjuuksed-ee\/"},{"@type":"ListItem","position":2,"name":"404"}]},{"@type":"WebSite","@id":"https:\/\/ilusadjuuksed.ee\/ru\/#website","url":"https:\/\/ilusadjuuksed.ee\/ru\/","name":"Ilusadjuuksed.ee - tippklassi juuksehooldus \u00fchest kohast","description":"ilusadjuuksed.ee \/ Tippklassi juuksehooldus &uuml;hest kohast","publisher":{"@id":"https:\/\/ilusadjuuksed.ee\/ru\/#organization"},"potentialAction":[{"@type":"SearchAction","target":{"@type":"EntryPoint","urlTemplate":"https:\/\/ilusadjuuksed.ee\/ru\/?s={search_term_string}"},"query-input":{"@type":"PropertyValueSpecification","valueRequired":true,"valueName":"search_term_string"}}],"inLanguage":"ru-RU"},{"@type":"Organization","@id":"https:\/\/ilusadjuuksed.ee\/ru\/#organization","name":"Ilusadjuuksed.ee","url":"https:\/\/ilusadjuuksed.ee\/ru\/","logo":{"@type":"ImageObject","inLanguage":"ru-RU","@id":"https:\/\/ilusadjuuksed.ee\/ru\/#\/schema\/logo\/image\/","url":"https:\/\/ilusadjuuksed.ee\/wp-content\/uploads\/2022\/09\/IJ_200pc.png","contentUrl":"https:\/\/ilusadjuuksed.ee\/wp-content\/uploads\/2022\/09\/IJ_200pc.png","width":200,"height":99,"caption":"Ilusadjuuksed.ee"},"image":{"@id":"https:\/\/ilusadjuuksed.ee\/ru\/#\/schema\/logo\/image\/"},"sameAs":["https:\/\/www.facebook.com\/ilusadjuuksed.ee","https:\/\/www.instagram.com\/ilusadjuuksed\/"],"email":"info@ilusadjuuksed.ee","telephone":"+3725142235","legalName":"Norsten O\u00dc","vatID":"EE102340024"}]}},"_links":{"self":[{"href":"https:\/\/ilusadjuuksed.ee\/ru\/wp-json\/wp\/v2\/pages\/47228","targetHints":{"allow":["GET"]}}],"collection":[{"href":"https:\/\/ilusadjuuksed.ee\/ru\/wp-json\/wp\/v2\/pages"}],"about":[{"href":"https:\/\/ilusadjuuksed.ee\/ru\/wp-json\/wp\/v2\/types\/page"}],"author":[{"embeddable":true,"href":"https:\/\/ilusadjuuksed.ee\/ru\/wp-json\/wp\/v2\/users\/1"}],"replies":[{"embeddable":true,"href":"https:\/\/ilusadjuuksed.ee\/ru\/wp-json\/wp\/v2\/comments?post=47228"}],"version-history":[{"count":0,"href":"https:\/\/ilusadjuuksed.ee\/ru\/wp-json\/wp\/v2\/pages\/47228\/revisions"}],"wp:attachment":[{"href":"https:\/\/ilusadjuuksed.ee\/ru\/wp-json\/wp\/v2\/media?parent=47228"}],"curies":[{"name":"wp","href":"https:\/\/api.w.org\/{rel}","templated":true}]}}