{"id":46310,"date":"2025-08-12T12:11:50","date_gmt":"2025-08-12T09:11:50","guid":{"rendered":"https:\/\/ilusadjuuksed.ee\/?page_id=46310"},"modified":"2025-09-16T12:25:31","modified_gmt":"2025-09-16T09:25:31","slug":"cart","status":"publish","type":"page","link":"https:\/\/ilusadjuuksed.ee\/ru\/cart\/","title":{"rendered":"\u041a\u043e\u0440\u0437\u0438\u043d\u0430"},"content":{"rendered":"\t\t<div data-elementor-type=\"wp-page\" data-elementor-id=\"46310\" class=\"elementor elementor-46310 elementor-7\" data-elementor-post-type=\"page\">\n\t\t\t\t<div class=\"elementor-element elementor-element-c6c5d14 e-con-full e-flex e-con e-parent\" data-id=\"c6c5d14\" data-element_type=\"container\" data-e-type=\"container\" data-settings=\"{&quot;background_background&quot;:&quot;slideshow&quot;,&quot;background_slideshow_gallery&quot;:[{&quot;id&quot;:30883,&quot;url&quot;:&quot;https:\\\/\\\/ilusadjuuksed.ee\\\/wp-content\\\/uploads\\\/2023\\\/08\\\/MON5669Mzw.jpg&quot;}],&quot;background_slideshow_loop&quot;:&quot;yes&quot;,&quot;background_slideshow_slide_duration&quot;:5000,&quot;background_slideshow_slide_transition&quot;:&quot;fade&quot;,&quot;background_slideshow_transition_duration&quot;:500}\">\n\t\t\t\t<div class=\"elementor-element elementor-element-9c42386 elementor-widget elementor-widget-heading\" data-id=\"9c42386\" data-element_type=\"widget\" data-e-type=\"widget\" data-widget_type=\"heading.default\">\n\t\t\t\t<div class=\"elementor-widget-container\">\n\t\t\t\t\t<h2 class=\"elementor-heading-title elementor-size-default\">\u0425\u041e\u0422\u0418\u0422\u0415 \u041a\u0423\u041f\u0418\u0422\u042c \u0414\u0415\u0428\u0415\u0412\u041b\u0415?<\/h2>\t\t\t\t<\/div>\n\t\t\t\t<\/div>\n\t\t\t\t<div class=\"elementor-element elementor-element-257275c elementor-widget elementor-widget-text-editor\" data-id=\"257275c\" data-element_type=\"widget\" data-e-type=\"widget\" data-widget_type=\"text-editor.default\">\n\t\t\t\t<div class=\"elementor-widget-container\">\n\t\t\t\t\t\t\t\t\t<p>\u0421\u043e\u0437\u0434\u0430\u0439\u0442\u0435 \u0441\u0432\u043e\u0439 \u0441\u043e\u0431\u0441\u0442\u0432\u0435\u043d\u043d\u044b\u0439 \u0430\u043a\u043a\u0430\u0443\u043d\u0442 \u043a\u043b\u0443\u0431\u0430 ilusadjuuksed.ee \u0438 \u0441\u043e\u0432\u0435\u0440\u0448\u0430\u0439\u0442\u0435 \u043f\u043e\u043a\u0443\u043f\u043a\u0438 \u043a\u0430\u043a \u0437\u0430\u0440\u0435\u0433\u0438\u0441\u0442\u0440\u0438\u0440\u043e\u0432\u0430\u043d\u043d\u044b\u0439 \u043f\u043e\u043b\u044c\u0437\u043e\u0432\u0430\u0442\u0435\u043b\u044c \u2014 \u0442\u0430\u043a \u0432\u044b \u0431\u0443\u0434\u0435\u0442\u0435 \u043d\u0430\u043a\u0430\u043f\u043b\u0438\u0432\u0430\u0442\u044c \u0431\u0430\u043b\u043b\u044b \u0438 \u0432\u0441\u0435\u0433\u0434\u0430 \u0441\u043c\u043e\u0436\u0435\u0442\u0435 \u043f\u043e\u043a\u0443\u043f\u0430\u0442\u044c \u0434\u043e 25% \u0434\u0435\u0448\u0435\u0432\u043b\u0435. <\/p>\t\t\t\t\t\t\t\t<\/div>\n\t\t\t\t<\/div>\n\t\t\t\t<div class=\"elementor-element elementor-element-29970d6 elementor-mobile-align-left elementor-align-center elementor-widget elementor-widget-button\" data-id=\"29970d6\" data-element_type=\"widget\" data-e-type=\"widget\" data-widget_type=\"button.default\">\n\t\t\t\t<div class=\"elementor-widget-container\">\n\t\t\t\t\t\t\t\t\t<div class=\"elementor-button-wrapper\">\n\t\t\t\t\t<a class=\"elementor-button elementor-button-link elementor-size-sm\" href=\"https:\/\/ilusadjuuksed.ee\/ru\/klubnaja_programma\/\">\n\t\t\t\t\t\t<span class=\"elementor-button-content-wrapper\">\n\t\t\t\t\t\t\t\t\t<span class=\"elementor-button-text\">\u041f\u043e\u0434\u0440\u043e\u0431\u043d\u0435\u0435 \u043e \u043f\u0440\u043e\u0433\u0440\u0430\u043c\u043c\u0435 \u043a\u043b\u0443\u0431\u0430<\/span>\n\t\t\t\t\t<\/span>\n\t\t\t\t\t<\/a>\n\t\t\t\t<\/div>\n\t\t\t\t\t\t\t\t<\/div>\n\t\t\t\t<\/div>\n\t\t\t\t<\/div>\n\t\t<div class=\"elementor-element elementor-element-6734595c e-flex e-con-boxed e-con e-parent\" data-id=\"6734595c\" data-element_type=\"container\" data-e-type=\"container\">\n\t\t\t\t\t<div class=\"e-con-inner\">\n\t\t\t\t<div class=\"elementor-element elementor-element-9f83ced elementor-widget elementor-widget-heading\" data-id=\"9f83ced\" data-element_type=\"widget\" data-e-type=\"widget\" data-widget_type=\"heading.default\">\n\t\t\t\t<div class=\"elementor-widget-container\">\n\t\t\t\t\t<h2 class=\"elementor-heading-title elementor-size-default\">\u041a\u041e\u0420\u0417\u0418\u041d\u0410<\/h2>\t\t\t\t<\/div>\n\t\t\t\t<\/div>\n\t\t\t\t<div class=\"elementor-element elementor-element-354cfa8d elementor-widget elementor-widget-text-editor\" data-id=\"354cfa8d\" data-element_type=\"widget\" data-e-type=\"widget\" data-widget_type=\"text-editor.default\">\n\t\t\t\t<div class=\"elementor-widget-container\">\n\t\t\t\t\t\t\t\t\t<p><\/p>\t\t\t\t\t\t\t\t<\/div>\n\t\t\t\t<\/div>\n\t\t\t\t\t<\/div>\n\t\t\t\t<\/div>\n\t\t<div class=\"elementor-element elementor-element-c8b66e7 e-flex e-con-boxed e-con e-parent\" data-id=\"c8b66e7\" data-element_type=\"container\" data-e-type=\"container\">\n\t\t\t\t\t<div class=\"e-con-inner\">\n\t\t\t\t\t<\/div>\n\t\t\t\t<\/div>\n\t\t\t\t<\/div>\n\t\t","protected":false},"excerpt":{"rendered":"<p>\u0425\u041e\u0422\u0418\u0422\u0415 \u041a\u0423\u041f\u0418\u0422\u042c \u0414\u0415\u0428\u0415\u0412\u041b\u0415? \u0421\u043e\u0437\u0434\u0430\u0439\u0442\u0435 \u0441\u0432\u043e\u0439 \u0441\u043e\u0431\u0441\u0442\u0432\u0435\u043d\u043d\u044b\u0439 \u0430\u043a\u043a\u0430\u0443\u043d\u0442 \u043a\u043b\u0443\u0431\u0430 ilusadjuuksed.ee \u0438 \u0441\u043e\u0432\u0435\u0440\u0448\u0430\u0439\u0442\u0435 \u043f\u043e\u043a\u0443\u043f\u043a\u0438 \u043a\u0430\u043a \u0437\u0430\u0440\u0435\u0433\u0438\u0441\u0442\u0440\u0438\u0440\u043e\u0432\u0430\u043d\u043d\u044b\u0439 \u043f\u043e\u043b\u044c\u0437\u043e\u0432\u0430\u0442\u0435\u043b\u044c \u2014 \u0442\u0430\u043a \u0432\u044b \u0431\u0443\u0434\u0435\u0442\u0435 \u043d\u0430\u043a\u0430\u043f\u043b\u0438\u0432\u0430\u0442\u044c \u0431\u0430\u043b\u043b\u044b \u0438 \u0432\u0441\u0435\u0433\u0434\u0430 \u0441\u043c\u043e\u0436\u0435\u0442\u0435 \u043f\u043e\u043a\u0443\u043f\u0430\u0442\u044c \u0434\u043e 25% \u0434\u0435\u0448\u0435\u0432\u043b\u0435. \u041f\u043e\u0434\u0440\u043e\u0431\u043d\u0435\u0435 \u043e \u043f\u0440\u043e\u0433\u0440\u0430\u043c\u043c\u0435 \u043a\u043b\u0443\u0431\u0430 \u041a\u041e\u0420\u0417\u0418\u041d\u0410<\/p>\n","protected":false},"author":1,"featured_media":0,"parent":0,"menu_order":0,"comment_status":"closed","ping_status":"closed","template":"elementor_header_footer","meta":{"footnotes":""},"class_list":["post-46310","page","type-page","status-publish","hentry"],"yoast_head":"<!-- This site is optimized with the Yoast SEO Premium plugin v27.3 (Yoast SEO v27.3) - https:\/\/yoast.com\/product\/yoast-seo-premium-wordpress\/ -->\n<title>\u041a\u043e\u0440\u0437\u0438\u043d\u0430 &#8226; Ilusadjuuksed.ee<\/title>\n<meta name=\"description\" content=\"L&#039;ALGA \u0438\u043d\u043d\u043e\u0432\u0430\u0446\u0438\u043e\u043d\u043d\u044b\u0435 \u0441\u0440\u0435\u0434\u0441\u0442\u0432\u0430 \u043f\u043e \u0443\u0445\u043e\u0434\u0443 \u0437\u0430 \u043f\u043e\u0432\u0440\u0435\u0436\u0434\u0435\u043d\u043d\u044b\u043c\u0438, \u043e\u0431\u0440\u0430\u0431\u043e\u0442\u0430\u043d\u043d\u044b\u043c\u0438 \u0438 \u0441\u0443\u0445\u0438\u043c\u0438 \u0432\u043e\u043b\u043e\u0441\u0430\u043c\u0438. \u0411\u0435\u0440\u0435\u0433\u0438\u0442\u0435 \u0438 \u0437\u0430\u0449\u0438\u0449\u0430\u0439\u0442\u0435 \u0432\u043e\u043b\u043e\u0441\u044b \u043a\u0430\u0436\u0434\u044b\u0439 \u0434\u0435\u043d\u044c!\" \/>\n<meta name=\"robots\" content=\"index, follow, max-snippet:-1, max-image-preview:large, max-video-preview:-1\" \/>\n<link rel=\"canonical\" href=\"https:\/\/ilusadjuuksed.ee\/ru\/cart\/\" \/>\n<meta property=\"og:locale\" content=\"ru_RU\" \/>\n<meta property=\"og:type\" content=\"article\" \/>\n<meta property=\"og:title\" content=\"\u041a\u043e\u0440\u0437\u0438\u043d\u0430\" \/>\n<meta property=\"og:description\" content=\"Ilusadjuuksed.ee - tippklassi juuksehooldus \u00fchest kohast. L&#039;ALGA, BIACR\u00c8, REMILIA ja KT MILANO juuksehooldus otse maaletoojalt, p\u00fcsikliendile kuni -25% soodsamalt, 1-2 t\u00f6\u00f6p\u00e4evaga pakk k\u00e4es!\" \/>\n<meta property=\"og:url\" content=\"https:\/\/ilusadjuuksed.ee\/ru\/cart\/\" \/>\n<meta property=\"og:site_name\" content=\"Ilusadjuuksed.ee\" \/>\n<meta property=\"article:publisher\" content=\"https:\/\/www.facebook.com\/ilusadjuuksed.ee\" \/>\n<meta property=\"article:modified_time\" content=\"2025-09-16T09:25:31+00:00\" \/>\n<meta property=\"og:image\" content=\"https:\/\/ilusadjuuksed.ee\/wp-content\/uploads\/2022\/09\/Ilusadjuuksed_vertical.jpg\" \/>\n\t<meta property=\"og:image:width\" content=\"2000\" \/>\n\t<meta property=\"og:image:height\" content=\"991\" \/>\n\t<meta property=\"og:image:type\" content=\"image\/jpeg\" \/>\n<meta name=\"twitter:card\" content=\"summary_large_image\" \/>\n<script type=\"application\/ld+json\" class=\"yoast-schema-graph\">{\"@context\":\"https:\\\/\\\/schema.org\",\"@graph\":[{\"@type\":\"WebPage\",\"@id\":\"https:\\\/\\\/ilusadjuuksed.ee\\\/ru\\\/cart\\\/\",\"url\":\"https:\\\/\\\/ilusadjuuksed.ee\\\/ru\\\/cart\\\/\",\"name\":\"\u041a\u043e\u0440\u0437\u0438\u043d\u0430 &#8226; Ilusadjuuksed.ee\",\"isPartOf\":{\"@id\":\"https:\\\/\\\/ilusadjuuksed.ee\\\/ru\\\/#website\"},\"datePublished\":\"2025-08-12T09:11:50+00:00\",\"dateModified\":\"2025-09-16T09:25:31+00:00\",\"description\":\"L'ALGA \u0438\u043d\u043d\u043e\u0432\u0430\u0446\u0438\u043e\u043d\u043d\u044b\u0435 \u0441\u0440\u0435\u0434\u0441\u0442\u0432\u0430 \u043f\u043e \u0443\u0445\u043e\u0434\u0443 \u0437\u0430 \u043f\u043e\u0432\u0440\u0435\u0436\u0434\u0435\u043d\u043d\u044b\u043c\u0438, \u043e\u0431\u0440\u0430\u0431\u043e\u0442\u0430\u043d\u043d\u044b\u043c\u0438 \u0438 \u0441\u0443\u0445\u0438\u043c\u0438 \u0432\u043e\u043b\u043e\u0441\u0430\u043c\u0438. \u0411\u0435\u0440\u0435\u0433\u0438\u0442\u0435 \u0438 \u0437\u0430\u0449\u0438\u0449\u0430\u0439\u0442\u0435 \u0432\u043e\u043b\u043e\u0441\u044b \u043a\u0430\u0436\u0434\u044b\u0439 \u0434\u0435\u043d\u044c!\",\"breadcrumb\":{\"@id\":\"https:\\\/\\\/ilusadjuuksed.ee\\\/ru\\\/cart\\\/#breadcrumb\"},\"inLanguage\":\"ru-RU\",\"potentialAction\":[{\"@type\":\"ReadAction\",\"target\":[\"https:\\\/\\\/ilusadjuuksed.ee\\\/ru\\\/cart\\\/\"]}]},{\"@type\":\"BreadcrumbList\",\"@id\":\"https:\\\/\\\/ilusadjuuksed.ee\\\/ru\\\/cart\\\/#breadcrumb\",\"itemListElement\":[{\"@type\":\"ListItem\",\"position\":1,\"name\":\"\u0414\u043e\u043c\",\"item\":\"https:\\\/\\\/ilusadjuuksed.ee\\\/ru\\\/ilusadjuuksed-ee\\\/\"},{\"@type\":\"ListItem\",\"position\":2,\"name\":\"\u041a\u043e\u0440\u0437\u0438\u043d\u0430\"}]},{\"@type\":\"WebSite\",\"@id\":\"https:\\\/\\\/ilusadjuuksed.ee\\\/ru\\\/#website\",\"url\":\"https:\\\/\\\/ilusadjuuksed.ee\\\/ru\\\/\",\"name\":\"Ilusadjuuksed.ee - tippklassi juuksehooldus \u00fchest kohast\",\"description\":\"ilusadjuuksed.ee \\\/ Tippklassi juuksehooldus &uuml;hest kohast\",\"publisher\":{\"@id\":\"https:\\\/\\\/ilusadjuuksed.ee\\\/ru\\\/#organization\"},\"potentialAction\":[{\"@type\":\"SearchAction\",\"target\":{\"@type\":\"EntryPoint\",\"urlTemplate\":\"https:\\\/\\\/ilusadjuuksed.ee\\\/ru\\\/?s={search_term_string}\"},\"query-input\":{\"@type\":\"PropertyValueSpecification\",\"valueRequired\":true,\"valueName\":\"search_term_string\"}}],\"inLanguage\":\"ru-RU\"},{\"@type\":\"Organization\",\"@id\":\"https:\\\/\\\/ilusadjuuksed.ee\\\/ru\\\/#organization\",\"name\":\"Ilusadjuuksed.ee\",\"url\":\"https:\\\/\\\/ilusadjuuksed.ee\\\/ru\\\/\",\"logo\":{\"@type\":\"ImageObject\",\"inLanguage\":\"ru-RU\",\"@id\":\"https:\\\/\\\/ilusadjuuksed.ee\\\/ru\\\/#\\\/schema\\\/logo\\\/image\\\/\",\"url\":\"https:\\\/\\\/ilusadjuuksed.ee\\\/wp-content\\\/uploads\\\/2022\\\/09\\\/IJ_200pc.png\",\"contentUrl\":\"https:\\\/\\\/ilusadjuuksed.ee\\\/wp-content\\\/uploads\\\/2022\\\/09\\\/IJ_200pc.png\",\"width\":200,\"height\":99,\"caption\":\"Ilusadjuuksed.ee\"},\"image\":{\"@id\":\"https:\\\/\\\/ilusadjuuksed.ee\\\/ru\\\/#\\\/schema\\\/logo\\\/image\\\/\"},\"sameAs\":[\"https:\\\/\\\/www.facebook.com\\\/ilusadjuuksed.ee\",\"https:\\\/\\\/www.instagram.com\\\/ilusadjuuksed\\\/\"],\"email\":\"info@ilusadjuuksed.ee\",\"telephone\":\"+3725142235\",\"legalName\":\"Norsten O\u00dc\",\"vatID\":\"EE102340024\"}]}<\/script>\n<!-- \/ Yoast SEO Premium plugin. -->","yoast_head_json":{"title":"\u041a\u043e\u0440\u0437\u0438\u043d\u0430 &#8226; Ilusadjuuksed.ee","description":"L'ALGA \u0438\u043d\u043d\u043e\u0432\u0430\u0446\u0438\u043e\u043d\u043d\u044b\u0435 \u0441\u0440\u0435\u0434\u0441\u0442\u0432\u0430 \u043f\u043e \u0443\u0445\u043e\u0434\u0443 \u0437\u0430 \u043f\u043e\u0432\u0440\u0435\u0436\u0434\u0435\u043d\u043d\u044b\u043c\u0438, \u043e\u0431\u0440\u0430\u0431\u043e\u0442\u0430\u043d\u043d\u044b\u043c\u0438 \u0438 \u0441\u0443\u0445\u0438\u043c\u0438 \u0432\u043e\u043b\u043e\u0441\u0430\u043c\u0438. \u0411\u0435\u0440\u0435\u0433\u0438\u0442\u0435 \u0438 \u0437\u0430\u0449\u0438\u0449\u0430\u0439\u0442\u0435 \u0432\u043e\u043b\u043e\u0441\u044b \u043a\u0430\u0436\u0434\u044b\u0439 \u0434\u0435\u043d\u044c!","robots":{"index":"index","follow":"follow","max-snippet":"max-snippet:-1","max-image-preview":"max-image-preview:large","max-video-preview":"max-video-preview:-1"},"canonical":"https:\/\/ilusadjuuksed.ee\/ru\/cart\/","og_locale":"ru_RU","og_type":"article","og_title":"\u041a\u043e\u0440\u0437\u0438\u043d\u0430","og_description":"Ilusadjuuksed.ee - tippklassi juuksehooldus \u00fchest kohast. L'ALGA, BIACR\u00c8, REMILIA ja KT MILANO juuksehooldus otse maaletoojalt, p\u00fcsikliendile kuni -25% soodsamalt, 1-2 t\u00f6\u00f6p\u00e4evaga pakk k\u00e4es!","og_url":"https:\/\/ilusadjuuksed.ee\/ru\/cart\/","og_site_name":"Ilusadjuuksed.ee","article_publisher":"https:\/\/www.facebook.com\/ilusadjuuksed.ee","article_modified_time":"2025-09-16T09:25:31+00:00","og_image":[{"width":2000,"height":991,"url":"https:\/\/ilusadjuuksed.ee\/wp-content\/uploads\/2022\/09\/Ilusadjuuksed_vertical.jpg","type":"image\/jpeg"}],"twitter_card":"summary_large_image","schema":{"@context":"https:\/\/schema.org","@graph":[{"@type":"WebPage","@id":"https:\/\/ilusadjuuksed.ee\/ru\/cart\/","url":"https:\/\/ilusadjuuksed.ee\/ru\/cart\/","name":"\u041a\u043e\u0440\u0437\u0438\u043d\u0430 &#8226; Ilusadjuuksed.ee","isPartOf":{"@id":"https:\/\/ilusadjuuksed.ee\/ru\/#website"},"datePublished":"2025-08-12T09:11:50+00:00","dateModified":"2025-09-16T09:25:31+00:00","description":"L'ALGA \u0438\u043d\u043d\u043e\u0432\u0430\u0446\u0438\u043e\u043d\u043d\u044b\u0435 \u0441\u0440\u0435\u0434\u0441\u0442\u0432\u0430 \u043f\u043e \u0443\u0445\u043e\u0434\u0443 \u0437\u0430 \u043f\u043e\u0432\u0440\u0435\u0436\u0434\u0435\u043d\u043d\u044b\u043c\u0438, \u043e\u0431\u0440\u0430\u0431\u043e\u0442\u0430\u043d\u043d\u044b\u043c\u0438 \u0438 \u0441\u0443\u0445\u0438\u043c\u0438 \u0432\u043e\u043b\u043e\u0441\u0430\u043c\u0438. \u0411\u0435\u0440\u0435\u0433\u0438\u0442\u0435 \u0438 \u0437\u0430\u0449\u0438\u0449\u0430\u0439\u0442\u0435 \u0432\u043e\u043b\u043e\u0441\u044b \u043a\u0430\u0436\u0434\u044b\u0439 \u0434\u0435\u043d\u044c!","breadcrumb":{"@id":"https:\/\/ilusadjuuksed.ee\/ru\/cart\/#breadcrumb"},"inLanguage":"ru-RU","potentialAction":[{"@type":"ReadAction","target":["https:\/\/ilusadjuuksed.ee\/ru\/cart\/"]}]},{"@type":"BreadcrumbList","@id":"https:\/\/ilusadjuuksed.ee\/ru\/cart\/#breadcrumb","itemListElement":[{"@type":"ListItem","position":1,"name":"\u0414\u043e\u043c","item":"https:\/\/ilusadjuuksed.ee\/ru\/ilusadjuuksed-ee\/"},{"@type":"ListItem","position":2,"name":"\u041a\u043e\u0440\u0437\u0438\u043d\u0430"}]},{"@type":"WebSite","@id":"https:\/\/ilusadjuuksed.ee\/ru\/#website","url":"https:\/\/ilusadjuuksed.ee\/ru\/","name":"Ilusadjuuksed.ee - tippklassi juuksehooldus \u00fchest kohast","description":"ilusadjuuksed.ee \/ Tippklassi juuksehooldus &uuml;hest kohast","publisher":{"@id":"https:\/\/ilusadjuuksed.ee\/ru\/#organization"},"potentialAction":[{"@type":"SearchAction","target":{"@type":"EntryPoint","urlTemplate":"https:\/\/ilusadjuuksed.ee\/ru\/?s={search_term_string}"},"query-input":{"@type":"PropertyValueSpecification","valueRequired":true,"valueName":"search_term_string"}}],"inLanguage":"ru-RU"},{"@type":"Organization","@id":"https:\/\/ilusadjuuksed.ee\/ru\/#organization","name":"Ilusadjuuksed.ee","url":"https:\/\/ilusadjuuksed.ee\/ru\/","logo":{"@type":"ImageObject","inLanguage":"ru-RU","@id":"https:\/\/ilusadjuuksed.ee\/ru\/#\/schema\/logo\/image\/","url":"https:\/\/ilusadjuuksed.ee\/wp-content\/uploads\/2022\/09\/IJ_200pc.png","contentUrl":"https:\/\/ilusadjuuksed.ee\/wp-content\/uploads\/2022\/09\/IJ_200pc.png","width":200,"height":99,"caption":"Ilusadjuuksed.ee"},"image":{"@id":"https:\/\/ilusadjuuksed.ee\/ru\/#\/schema\/logo\/image\/"},"sameAs":["https:\/\/www.facebook.com\/ilusadjuuksed.ee","https:\/\/www.instagram.com\/ilusadjuuksed\/"],"email":"info@ilusadjuuksed.ee","telephone":"+3725142235","legalName":"Norsten O\u00dc","vatID":"EE102340024"}]}},"_links":{"self":[{"href":"https:\/\/ilusadjuuksed.ee\/ru\/wp-json\/wp\/v2\/pages\/46310","targetHints":{"allow":["GET"]}}],"collection":[{"href":"https:\/\/ilusadjuuksed.ee\/ru\/wp-json\/wp\/v2\/pages"}],"about":[{"href":"https:\/\/ilusadjuuksed.ee\/ru\/wp-json\/wp\/v2\/types\/page"}],"author":[{"embeddable":true,"href":"https:\/\/ilusadjuuksed.ee\/ru\/wp-json\/wp\/v2\/users\/1"}],"replies":[{"embeddable":true,"href":"https:\/\/ilusadjuuksed.ee\/ru\/wp-json\/wp\/v2\/comments?post=46310"}],"version-history":[{"count":0,"href":"https:\/\/ilusadjuuksed.ee\/ru\/wp-json\/wp\/v2\/pages\/46310\/revisions"}],"wp:attachment":[{"href":"https:\/\/ilusadjuuksed.ee\/ru\/wp-json\/wp\/v2\/media?parent=46310"}],"curies":[{"name":"wp","href":"https:\/\/api.w.org\/{rel}","templated":true}]}}